{"id":180,"date":"2024-04-12T12:53:48","date_gmt":"2024-04-12T12:53:48","guid":{"rendered":"https:\/\/marocreator.site\/?page_id=180"},"modified":"2025-12-12T23:17:46","modified_gmt":"2025-12-12T23:17:46","slug":"sutra","status":"publish","type":"page","link":"https:\/\/marocreator.site\/es\/sutra\/","title":{"rendered":"Sutra"},"content":{"rendered":"<div data-elementor-type=\"wp-page\" data-elementor-id=\"180\" class=\"elementor elementor-180\">\n\t\t\t\t<div class=\"elementor-element elementor-element-b120976 elementor-hidden-desktop elementor-hidden-tablet e-flex e-con-boxed e-con e-parent\" data-id=\"b120976\" data-element_type=\"container\" data-core-v316-plus=\"true\">\n\t\t\t\t\t<div class=\"e-con-inner\">\n\t\t\t\t<div class=\"elementor-element elementor-element-3c78f9d elementor-widget elementor-widget-image\" data-id=\"3c78f9d\" data-element_type=\"widget\" id=\"logotop\" data-widget_type=\"image.default\">\n\t\t\t\t<div class=\"elementor-widget-container\">\n\t\t\t<style>\/*! elementor - v3.20.0 - 10-04-2024 *\/\n.elementor-widget-image{text-align:center}.elementor-widget-image a{display:inline-block}.elementor-widget-image a img[src$=\".svg\"]{width:48px}.elementor-widget-image img{vertical-align:middle;display:inline-block}<\/style>\t\t\t\t\t\t\t\t\t\t\t<a href=\"https:\/\/marocreator.site\/\">\n\t\t\t\t\t\t\t<img fetchpriority=\"high\" decoding=\"async\" width=\"302\" height=\"302\" src=\"https:\/\/marocreator.site\/wp-content\/uploads\/2025\/11\/icon.png\" class=\"attachment-large size-large wp-image-1413\" alt=\"Maro Creator Icon\" srcset=\"https:\/\/marocreator.site\/wp-content\/uploads\/2025\/11\/icon.png 302w, https:\/\/marocreator.site\/wp-content\/uploads\/2025\/11\/icon-300x300.png 300w, https:\/\/marocreator.site\/wp-content\/uploads\/2025\/11\/icon-150x150.png 150w\" sizes=\"(max-width: 302px) 100vw, 302px\" \/>\t\t\t\t\t\t\t\t<\/a>\n\t\t\t\t\t\t\t\t\t\t\t\t\t<\/div>\n\t\t\t\t<\/div>\n\t\t\t\t\t<\/div>\n\t\t\t\t<\/div>\n\t\t<div class=\"elementor-element elementor-element-f61c87e e-flex e-con-boxed e-con e-parent\" data-id=\"f61c87e\" data-element_type=\"container\" data-core-v316-plus=\"true\">\n\t\t\t\t\t<div class=\"e-con-inner\">\n\t\t<div class=\"elementor-element elementor-element-95970ce e-con-full elementor-hidden-mobile e-flex e-con e-child\" data-id=\"95970ce\" data-element_type=\"container\">\n\t\t<div class=\"elementor-element elementor-element-ab10a47 e-con-full e-flex e-con e-child\" data-id=\"ab10a47\" data-element_type=\"container\">\n\t\t\t\t<div class=\"elementor-element elementor-element-69e8274 elementor-widget__width-initial elementor-widget elementor-widget-image\" data-id=\"69e8274\" data-element_type=\"widget\" data-widget_type=\"image.default\">\n\t\t\t\t<div class=\"elementor-widget-container\">\n\t\t\t\t\t\t\t\t\t\t\t\t\t\t<a href=\"https:\/\/marocreator.site\/\">\n\t\t\t\t\t\t\t<img decoding=\"async\" width=\"500\" height=\"274\" src=\"https:\/\/marocreator.site\/wp-content\/uploads\/2025\/11\/LOGO_NUEVO.png\" class=\"attachment-full size-full wp-image-1334\" alt=\"\" srcset=\"https:\/\/marocreator.site\/wp-content\/uploads\/2025\/11\/LOGO_NUEVO.png 500w, https:\/\/marocreator.site\/wp-content\/uploads\/2025\/11\/LOGO_NUEVO-300x164.png 300w\" sizes=\"(max-width: 500px) 100vw, 500px\" \/>\t\t\t\t\t\t\t\t<\/a>\n\t\t\t\t\t\t\t\t\t\t\t\t\t<\/div>\n\t\t\t\t<\/div>\n\t\t\t\t<div class=\"elementor-element elementor-element-d4075ad elementor-widget elementor-widget-button\" data-id=\"d4075ad\" data-element_type=\"widget\" data-widget_type=\"button.default\">\n\t\t\t\t<div class=\"elementor-widget-container\">\n\t\t\t\t\t<div class=\"elementor-button-wrapper\">\n\t\t\t<a class=\"elementor-button elementor-button-link elementor-size-sm\" href=\"https:\/\/marocreator.site\/about\/\">\n\t\t\t\t\t\t<span class=\"elementor-button-content-wrapper\">\n\t\t\t\t\t\t<span class=\"elementor-button-text\">Contacto<\/span>\n\t\t<\/span>\n\t\t\t\t\t<\/a>\n\t\t<\/div>\n\t\t\t\t<\/div>\n\t\t\t\t<\/div>\n\t\t\t\t<div class=\"elementor-element elementor-element-a6a595f elementor-widget elementor-widget-heading\" data-id=\"a6a595f\" data-element_type=\"widget\" data-widget_type=\"heading.default\">\n\t\t\t\t<div class=\"elementor-widget-container\">\n\t\t\t<style>\/*! elementor - v3.20.0 - 10-04-2024 *\/\n.elementor-heading-title{padding:0;margin:0;line-height:1}.elementor-widget-heading .elementor-heading-title[class*=elementor-size-]>a{color:inherit;font-size:inherit;line-height:inherit}.elementor-widget-heading .elementor-heading-title.elementor-size-small{font-size:15px}.elementor-widget-heading .elementor-heading-title.elementor-size-medium{font-size:19px}.elementor-widget-heading .elementor-heading-title.elementor-size-large{font-size:29px}.elementor-widget-heading .elementor-heading-title.elementor-size-xl{font-size:39px}.elementor-widget-heading .elementor-heading-title.elementor-size-xxl{font-size:59px}<\/style><h2 class=\"elementor-heading-title elementor-size-default\"><a href=\"https:\/\/marocreator.site\/\">WORK<\/a><\/h2>\t\t<\/div>\n\t\t\t\t<\/div>\n\t\t\t\t<div class=\"elementor-element elementor-element-4c867d1 elementor-widget elementor-widget-heading\" data-id=\"4c867d1\" data-element_type=\"widget\" data-widget_type=\"heading.default\">\n\t\t\t\t<div class=\"elementor-widget-container\">\n\t\t\t<h2 class=\"elementor-heading-title elementor-size-default\"><a href=\"http:\/\/marocreator.site\/sutra\/\">Sutra<\/a><\/h2>\t\t<\/div>\n\t\t\t\t<\/div>\n\t\t\t\t<div class=\"elementor-element elementor-element-4813d26 elementor-widget elementor-widget-heading\" data-id=\"4813d26\" data-element_type=\"widget\" data-widget_type=\"heading.default\">\n\t\t\t\t<div class=\"elementor-widget-container\">\n\t\t\t<h2 class=\"elementor-heading-title elementor-size-default\"><a href=\"http:\/\/marocreator.site\/berdes\/\">Berdes<\/a><\/h2>\t\t<\/div>\n\t\t\t\t<\/div>\n\t\t\t\t<div class=\"elementor-element elementor-element-81c8c50 elementor-widget elementor-widget-heading\" data-id=\"81c8c50\" data-element_type=\"widget\" data-widget_type=\"heading.default\">\n\t\t\t\t<div class=\"elementor-widget-container\">\n\t\t\t<h2 class=\"elementor-heading-title elementor-size-default\"><a href=\"http:\/\/marocreator.site\/punto-pan\/\">Punto Pan<\/a><\/h2>\t\t<\/div>\n\t\t\t\t<\/div>\n\t\t\t\t<div class=\"elementor-element elementor-element-a95e7ac elementor-widget elementor-widget-heading\" data-id=\"a95e7ac\" data-element_type=\"widget\" data-widget_type=\"heading.default\">\n\t\t\t\t<div class=\"elementor-widget-container\">\n\t\t\t<h2 class=\"elementor-heading-title elementor-size-default\"><a href=\"http:\/\/marocreator.site\/loyalty\/\">Loyalty<\/a><\/h2>\t\t<\/div>\n\t\t\t\t<\/div>\n\t\t\t\t<div class=\"elementor-element elementor-element-a4f32f1 elementor-widget elementor-widget-heading\" data-id=\"a4f32f1\" data-element_type=\"widget\" data-widget_type=\"heading.default\">\n\t\t\t\t<div class=\"elementor-widget-container\">\n\t\t\t<h2 class=\"elementor-heading-title elementor-size-default\"><a href=\"http:\/\/marocreator.site\/bet593\/\">Bet593<\/a><\/h2>\t\t<\/div>\n\t\t\t\t<\/div>\n\t\t\t\t<div class=\"elementor-element elementor-element-4a78f28 elementor-widget elementor-widget-heading\" data-id=\"4a78f28\" data-element_type=\"widget\" data-widget_type=\"heading.default\">\n\t\t\t\t<div class=\"elementor-widget-container\">\n\t\t\t<h2 class=\"elementor-heading-title elementor-size-default\"><a href=\"http:\/\/marocreator.site\/video-and-audio\">Video And Audio<\/a><\/h2>\t\t<\/div>\n\t\t\t\t<\/div>\n\t\t\t\t<div class=\"elementor-element elementor-element-2ec5218 elementor-widget elementor-widget-heading\" data-id=\"2ec5218\" data-element_type=\"widget\" data-widget_type=\"heading.default\">\n\t\t\t\t<div class=\"elementor-widget-container\">\n\t\t\t<h2 class=\"elementor-heading-title elementor-size-default\"><a href=\"http:\/\/marocreator.site\/aruba-tattoo\/\">Aruba Tattoo<\/a><\/h2>\t\t<\/div>\n\t\t\t\t<\/div>\n\t\t\t\t<div class=\"elementor-element elementor-element-ebdd791 elementor-widget elementor-widget-heading\" data-id=\"ebdd791\" data-element_type=\"widget\" data-widget_type=\"heading.default\">\n\t\t\t\t<div class=\"elementor-widget-container\">\n\t\t\t<h2 class=\"elementor-heading-title elementor-size-default\"><a href=\"http:\/\/marocreator.site\/3d-works\/\">3D Design<\/a><\/h2>\t\t<\/div>\n\t\t\t\t<\/div>\n\t\t\t\t<div class=\"elementor-element elementor-element-d462cc2 elementor-widget elementor-widget-heading\" data-id=\"d462cc2\" data-element_type=\"widget\" data-widget_type=\"heading.default\">\n\t\t\t\t<div class=\"elementor-widget-container\">\n\t\t\t<h2 class=\"elementor-heading-title elementor-size-default\"><a href=\"http:\/\/marocreator.site\/visso\/\">Visso<\/a><\/h2>\t\t<\/div>\n\t\t\t\t<\/div>\n\t\t\t\t<div class=\"elementor-element elementor-element-6eb668a elementor-widget elementor-widget-heading\" data-id=\"6eb668a\" data-element_type=\"widget\" data-widget_type=\"heading.default\">\n\t\t\t\t<div class=\"elementor-widget-container\">\n\t\t\t<h2 class=\"elementor-heading-title elementor-size-default\"><a href=\"http:\/\/marocreator.site\/wood-floor\/\">Wood Floor<\/a><\/h2>\t\t<\/div>\n\t\t\t\t<\/div>\n\t\t\t\t<div class=\"elementor-element elementor-element-d1dbbcd elementor-widget elementor-widget-heading\" data-id=\"d1dbbcd\" data-element_type=\"widget\" data-widget_type=\"heading.default\">\n\t\t\t\t<div class=\"elementor-widget-container\">\n\t\t\t<h2 class=\"elementor-heading-title elementor-size-default\"><a href=\"http:\/\/marocreator.site\/la-arepera\/\">La Arepera<\/a><\/h2>\t\t<\/div>\n\t\t\t\t<\/div>\n\t\t\t\t<div class=\"elementor-element elementor-element-f771869 elementor-widget elementor-widget-heading\" data-id=\"f771869\" data-element_type=\"widget\" data-widget_type=\"heading.default\">\n\t\t\t\t<div class=\"elementor-widget-container\">\n\t\t\t<h2 class=\"elementor-heading-title elementor-size-default\"><a href=\"http:\/\/marocreator.site\/the-surfer\/\">The Surfer<\/a><\/h2>\t\t<\/div>\n\t\t\t\t<\/div>\n\t\t\t\t<div class=\"elementor-element elementor-element-25c59a0 elementor-widget elementor-widget-heading\" data-id=\"25c59a0\" data-element_type=\"widget\" data-widget_type=\"heading.default\">\n\t\t\t\t<div class=\"elementor-widget-container\">\n\t\t\t<h2 class=\"elementor-heading-title elementor-size-default\"><a href=\"http:\/\/marocreator.site\/valensea\">ValenSea<\/a><\/h2>\t\t<\/div>\n\t\t\t\t<\/div>\n\t\t<div class=\"elementor-element elementor-element-02cb49a e-grid e-con-boxed e-con e-child\" data-id=\"02cb49a\" data-element_type=\"container\">\n\t\t\t\t\t<div class=\"e-con-inner\">\n\t\t\t\t<div class=\"elementor-element elementor-element-94bc1b8 elementor-view-default elementor-widget elementor-widget-icon\" data-id=\"94bc1b8\" data-element_type=\"widget\" data-widget_type=\"icon.default\">\n\t\t\t\t<div class=\"elementor-widget-container\">\n\t\t\t\t\t<div class=\"elementor-icon-wrapper\">\n\t\t\t<a class=\"elementor-icon\" href=\"https:\/\/www.instagram.com\/marocreator\">\n\t\t\t<svg aria-hidden=\"true\" class=\"e-font-icon-svg e-fab-instagram\" viewbox=\"0 0 448 512\" xmlns=\"http:\/\/www.w3.org\/2000\/svg\"><path d=\"M224.1 141c-63.6 0-114.9 51.3-114.9 114.9s51.3 114.9 114.9 114.9S339 319.5 339 255.9 287.7 141 224.1 141zm0 189.6c-41.1 0-74.7-33.5-74.7-74.7s33.5-74.7 74.7-74.7 74.7 33.5 74.7 74.7-33.6 74.7-74.7 74.7zm146.4-194.3c0 14.9-12 26.8-26.8 26.8-14.9 0-26.8-12-26.8-26.8s12-26.8 26.8-26.8 26.8 12 26.8 26.8zm76.1 27.2c-1.7-35.9-9.9-67.7-36.2-93.9-26.2-26.2-58-34.4-93.9-36.2-37-2.1-147.9-2.1-184.9 0-35.8 1.7-67.6 9.9-93.9 36.1s-34.4 58-36.2 93.9c-2.1 37-2.1 147.9 0 184.9 1.7 35.9 9.9 67.7 36.2 93.9s58 34.4 93.9 36.2c37 2.1 147.9 2.1 184.9 0 35.9-1.7 67.7-9.9 93.9-36.2 26.2-26.2 34.4-58 36.2-93.9 2.1-37 2.1-147.8 0-184.8zM398.8 388c-7.8 19.6-22.9 34.7-42.6 42.6-29.5 11.7-99.5 9-132.1 9s-102.7 2.6-132.1-9c-19.6-7.8-34.7-22.9-42.6-42.6-11.7-29.5-9-99.5-9-132.1s-2.6-102.7 9-132.1c7.8-19.6 22.9-34.7 42.6-42.6 29.5-11.7 99.5-9 132.1-9s102.7-2.6 132.1 9c19.6 7.8 34.7 22.9 42.6 42.6 11.7 29.5 9 99.5 9 132.1s2.7 102.7-9 132.1z\"><\/path><\/svg>\t\t\t<\/a>\n\t\t<\/div>\n\t\t\t\t<\/div>\n\t\t\t\t<\/div>\n\t\t\t\t<div class=\"elementor-element elementor-element-c4e08b1 elementor-view-default elementor-widget elementor-widget-icon\" data-id=\"c4e08b1\" data-element_type=\"widget\" data-widget_type=\"icon.default\">\n\t\t\t\t<div class=\"elementor-widget-container\">\n\t\t\t\t\t<div class=\"elementor-icon-wrapper\">\n\t\t\t<a class=\"elementor-icon\" href=\"https:\/\/www.linkedin.com\/in\/yldemaroperez\/\">\n\t\t\t<svg aria-hidden=\"true\" class=\"e-font-icon-svg e-fab-linkedin-in\" viewbox=\"0 0 448 512\" xmlns=\"http:\/\/www.w3.org\/2000\/svg\"><path d=\"M100.28 448H7.4V148.9h92.88zM53.79 108.1C24.09 108.1 0 83.5 0 53.8a53.79 53.79 0 0 1 107.58 0c0 29.7-24.1 54.3-53.79 54.3zM447.9 448h-92.68V302.4c0-34.7-.7-79.2-48.29-79.2-48.29 0-55.69 37.7-55.69 76.7V448h-92.78V148.9h89.08v40.8h1.3c12.4-23.5 42.69-48.3 87.88-48.3 94 0 111.28 61.9 111.28 142.3V448z\"><\/path><\/svg>\t\t\t<\/a>\n\t\t<\/div>\n\t\t\t\t<\/div>\n\t\t\t\t<\/div>\n\t\t\t\t\t<\/div>\n\t\t\t\t<\/div>\n\t\t\t\t<\/div>\n\t\t\t\t<\/div>\n\t\t<div class=\"elementor-element elementor-element-36cb5c0 e-con-full e-flex e-con e-child\" data-id=\"36cb5c0\" data-element_type=\"container\">\n\t\t\t\t<div class=\"elementor-element elementor-element-4aa8305 elementor-widget elementor-widget-heading\" data-id=\"4aa8305\" data-element_type=\"widget\" data-widget_type=\"heading.default\">\n\t\t\t\t<div class=\"elementor-widget-container\">\n\t\t\t<h1 class=\"elementor-heading-title elementor-size-default\">SUTRA<\/h1>\t\t<\/div>\n\t\t\t\t<\/div>\n\t\t\t\t<div class=\"elementor-element elementor-element-07af6c8 elementor-widget elementor-widget-heading\" data-id=\"07af6c8\" data-element_type=\"widget\" data-widget_type=\"heading.default\">\n\t\t\t\t<div class=\"elementor-widget-container\">\n\t\t\t<h2 class=\"elementor-heading-title elementor-size-default\"><p>C\u00f3mo un viaje espiritual se convirti\u00f3 en un proyecto de dise\u00f1o con prop\u00f3sito.<p\/>\n<p> Hace algunos a\u00f1os me sent\u00eda rodeado de ruido visual y mensajes vac\u00edos.\nPublicidad que vende, pero no inspira. Im\u00e1genes que llaman la atenci\u00f3n, pero no dejan huella. En medio de todo esto, estaba atravesando un proceso personal profundo, en b\u00fasqueda de equilibrio, paz y claridad. Fue entonces cuando entend\u00ed que pod\u00eda transformar ese viaje interior en un proyecto creativo que compartiera mensajes positivos y trascendentes con quienes pudieran necesitarlos.<p\/>\n\n<p>As\u00ed naci\u00f3 SUTRA: una serie de ilustraciones inspiradas en las culturas orientales, la expansi\u00f3n de la conciencia y el poder del di\u00e1logo interno positivo.\n\nCada pieza combina s\u00edmbolos y palabras que invitan a la reflexi\u00f3n y transmiten un mensaje transformador. A partir de estas ilustraciones, dise\u00f1\u00e9 camisetas, tote bags y sweaters que funcionan como recordatorios visuales para hacer una pausa, creer en uno mismo y cultivar la paz en la vida cotidiana. \u00bfPor qu\u00e9? Porque la ciencia respalda que las im\u00e1genes y las palabras positivas moldean nuestra mente, y nuestra mente tiene el poder de cambiar nuestra vida.<p\/>\n\n<p>From these illustrations, I designed t-shirts, totes, and sweaters that serve as visual reminders to pause, believe in yourself, and cultivate peace in everyday life.\nWhy? Because science supports that positive images and words shape our minds, and our minds have the power to change our lives.<p\/>\nHoy comparto algunos dise\u00f1os de este proyecto que van m\u00e1s all\u00e1 de lo visual:\nson una invitaci\u00f3n a encontrar equilibrio y fortaleza interior.<\/p><\/h2>\t\t<\/div>\n\t\t\t\t<\/div>\n\t\t\t\t<div class=\"elementor-element elementor-element-4f08e84 elementor-widget elementor-widget-image\" data-id=\"4f08e84\" data-element_type=\"widget\" data-widget_type=\"image.default\">\n\t\t\t\t<div class=\"elementor-widget-container\">\n\t\t\t\t\t\t\t\t\t\t\t\t\t<img decoding=\"async\" width=\"1024\" height=\"751\" src=\"https:\/\/marocreator.site\/wp-content\/uploads\/2024\/04\/s_01-1024x751.jpg\" class=\"attachment-large size-large wp-image-26\" alt=\"\" srcset=\"https:\/\/marocreator.site\/wp-content\/uploads\/2024\/04\/s_01-1024x751.jpg 1024w, https:\/\/marocreator.site\/wp-content\/uploads\/2024\/04\/s_01-300x220.jpg 300w, https:\/\/marocreator.site\/wp-content\/uploads\/2024\/04\/s_01-768x563.jpg 768w, https:\/\/marocreator.site\/wp-content\/uploads\/2024\/04\/s_01.jpg 1080w\" sizes=\"(max-width: 1024px) 100vw, 1024px\" \/>\t\t\t\t\t\t\t\t\t\t\t\t\t<\/div>\n\t\t\t\t<\/div>\n\t\t\t\t<div class=\"elementor-element elementor-element-43dac80 elementor-widget elementor-widget-image\" data-id=\"43dac80\" data-element_type=\"widget\" data-widget_type=\"image.default\">\n\t\t\t\t<div class=\"elementor-widget-container\">\n\t\t\t\t\t\t\t\t\t\t\t\t\t<img loading=\"lazy\" decoding=\"async\" width=\"1024\" height=\"780\" src=\"https:\/\/marocreator.site\/wp-content\/uploads\/2024\/04\/s_02-1024x780.jpg\" class=\"attachment-large size-large wp-image-27\" alt=\"\" srcset=\"https:\/\/marocreator.site\/wp-content\/uploads\/2024\/04\/s_02-1024x780.jpg 1024w, https:\/\/marocreator.site\/wp-content\/uploads\/2024\/04\/s_02-300x229.jpg 300w, https:\/\/marocreator.site\/wp-content\/uploads\/2024\/04\/s_02-768x585.jpg 768w, https:\/\/marocreator.site\/wp-content\/uploads\/2024\/04\/s_02.jpg 1080w\" sizes=\"(max-width: 1024px) 100vw, 1024px\" \/>\t\t\t\t\t\t\t\t\t\t\t\t\t<\/div>\n\t\t\t\t<\/div>\n\t\t\t\t<div class=\"elementor-element elementor-element-302d47a elementor-widget elementor-widget-image\" data-id=\"302d47a\" data-element_type=\"widget\" data-widget_type=\"image.default\">\n\t\t\t\t<div class=\"elementor-widget-container\">\n\t\t\t\t\t\t\t\t\t\t\t\t\t<img loading=\"lazy\" decoding=\"async\" width=\"1024\" height=\"683\" src=\"https:\/\/marocreator.site\/wp-content\/uploads\/2024\/04\/s_03-1024x683.jpg\" class=\"attachment-large size-large wp-image-28\" alt=\"\" srcset=\"https:\/\/marocreator.site\/wp-content\/uploads\/2024\/04\/s_03-1024x683.jpg 1024w, https:\/\/marocreator.site\/wp-content\/uploads\/2024\/04\/s_03-300x200.jpg 300w, https:\/\/marocreator.site\/wp-content\/uploads\/2024\/04\/s_03-768x512.jpg 768w, https:\/\/marocreator.site\/wp-content\/uploads\/2024\/04\/s_03.jpg 1080w\" sizes=\"(max-width: 1024px) 100vw, 1024px\" \/>\t\t\t\t\t\t\t\t\t\t\t\t\t<\/div>\n\t\t\t\t<\/div>\n\t\t\t\t<div class=\"elementor-element elementor-element-03661a1 elementor-widget elementor-widget-image\" data-id=\"03661a1\" data-element_type=\"widget\" data-widget_type=\"image.default\">\n\t\t\t\t<div class=\"elementor-widget-container\">\n\t\t\t\t\t\t\t\t\t\t\t\t\t<img loading=\"lazy\" decoding=\"async\" width=\"1024\" height=\"683\" src=\"https:\/\/marocreator.site\/wp-content\/uploads\/2024\/04\/s_04-1024x683.jpg\" class=\"attachment-large size-large wp-image-29\" alt=\"\" srcset=\"https:\/\/marocreator.site\/wp-content\/uploads\/2024\/04\/s_04-1024x683.jpg 1024w, https:\/\/marocreator.site\/wp-content\/uploads\/2024\/04\/s_04-300x200.jpg 300w, https:\/\/marocreator.site\/wp-content\/uploads\/2024\/04\/s_04-768x512.jpg 768w, https:\/\/marocreator.site\/wp-content\/uploads\/2024\/04\/s_04.jpg 1080w\" sizes=\"(max-width: 1024px) 100vw, 1024px\" \/>\t\t\t\t\t\t\t\t\t\t\t\t\t<\/div>\n\t\t\t\t<\/div>\n\t\t\t\t<div class=\"elementor-element elementor-element-71f841a elementor-widget elementor-widget-image\" data-id=\"71f841a\" data-element_type=\"widget\" data-widget_type=\"image.default\">\n\t\t\t\t<div class=\"elementor-widget-container\">\n\t\t\t\t\t\t\t\t\t\t\t\t\t<img loading=\"lazy\" decoding=\"async\" width=\"1024\" height=\"566\" src=\"https:\/\/marocreator.site\/wp-content\/uploads\/2024\/04\/s_05-1024x566.jpg\" class=\"attachment-large size-large wp-image-25\" alt=\"\" srcset=\"https:\/\/marocreator.site\/wp-content\/uploads\/2024\/04\/s_05-1024x566.jpg 1024w, https:\/\/marocreator.site\/wp-content\/uploads\/2024\/04\/s_05-300x166.jpg 300w, https:\/\/marocreator.site\/wp-content\/uploads\/2024\/04\/s_05-768x425.jpg 768w, https:\/\/marocreator.site\/wp-content\/uploads\/2024\/04\/s_05.jpg 1080w\" sizes=\"(max-width: 1024px) 100vw, 1024px\" \/>\t\t\t\t\t\t\t\t\t\t\t\t\t<\/div>\n\t\t\t\t<\/div>\n\t\t\t\t<\/div>\n\t\t\t\t\t<\/div>\n\t\t\t\t<\/div>\n\t\t<div class=\"elementor-element elementor-element-a3f570e e-flex e-con-boxed e-con e-parent\" data-id=\"a3f570e\" data-element_type=\"container\" data-core-v316-plus=\"true\">\n\t\t\t\t\t<div class=\"e-con-inner\">\n\t\t<div class=\"elementor-element elementor-element-7c69dd3 e-flex e-con-boxed e-con e-child\" data-id=\"7c69dd3\" data-element_type=\"container\">\n\t\t\t\t\t<div class=\"e-con-inner\">\n\t\t<div class=\"elementor-element elementor-element-16040a5 e-flex e-con-boxed e-con e-child\" data-id=\"16040a5\" data-element_type=\"container\">\n\t\t\t\t\t<div class=\"e-con-inner\">\n\t\t\t\t<div class=\"elementor-element elementor-element-49c8a04 elementor-align-center elementor-widget elementor-widget-button\" data-id=\"49c8a04\" data-element_type=\"widget\" data-widget_type=\"button.default\">\n\t\t\t\t<div class=\"elementor-widget-container\">\n\t\t\t\t\t<div class=\"elementor-button-wrapper\">\n\t\t\t<a class=\"elementor-button elementor-button-link elementor-size-sm\" href=\"#logotop\">\n\t\t\t\t\t\t<span class=\"elementor-button-content-wrapper\">\n\t\t\t\t\t\t<span class=\"elementor-button-text\">Back to top<\/span>\n\t\t<\/span>\n\t\t\t\t\t<\/a>\n\t\t<\/div>\n\t\t\t\t<\/div>\n\t\t\t\t<\/div>\n\t\t\t\t\t<\/div>\n\t\t\t\t<\/div>\n\t\t\t\t\t<\/div>\n\t\t\t\t<\/div>\n\t\t\t\t\t<\/div>\n\t\t\t\t<\/div>\n\t\t\t\t<\/div>","protected":false},"excerpt":{"rendered":"<p>Contact WORK Sutra Berdes Punto Pan Loyalty Bet593 Video And Audio Aruba Tattoo 3D Design Visso Wood Floor La Arepera [&hellip;]<\/p>","protected":false},"author":1,"featured_media":0,"parent":0,"menu_order":0,"comment_status":"closed","ping_status":"closed","template":"","meta":{"inline_featured_image":false,"site-sidebar-layout":"no-sidebar","site-content-layout":"","ast-site-content-layout":"full-width-container","site-content-style":"default","site-sidebar-style":"default","ast-global-header-display":"","ast-banner-title-visibility":"","ast-main-header-display":"","ast-hfb-above-header-display":"","ast-hfb-below-header-display":"","ast-hfb-mobile-header-display":"","site-post-title":"disabled","ast-breadcrumbs-content":"","ast-featured-img":"disabled","footer-sml-layout":"","theme-transparent-header-meta":"","adv-header-id-meta":"","stick-header-meta":"","header-above-stick-meta":"","header-main-stick-meta":"","header-below-stick-meta":"","astra-migrate-meta-layouts":"default","ast-page-background-enabled":"default","ast-page-background-meta":{"desktop":{"background-color":"var(--ast-global-color-4)","background-image":"","background-repeat":"repeat","background-position":"center center","background-size":"auto","background-attachment":"scroll","background-type":"","background-media":"","overlay-type":"","overlay-color":"","overlay-gradient":""},"tablet":{"background-color":"","background-image":"","background-repeat":"repeat","background-position":"center center","background-size":"auto","background-attachment":"scroll","background-type":"","background-media":"","overlay-type":"","overlay-color":"","overlay-gradient":""},"mobile":{"background-color":"","background-image":"","background-repeat":"repeat","background-position":"center center","background-size":"auto","background-attachment":"scroll","background-type":"","background-media":"","overlay-type":"","overlay-color":"","overlay-gradient":""}},"ast-content-background-meta":{"desktop":{"background-color":"var(--ast-global-color-5)","background-image":"","background-repeat":"repeat","background-position":"center center","background-size":"auto","background-attachment":"scroll","background-type":"","background-media":"","overlay-type":"","overlay-color":"","overlay-gradient":""},"tablet":{"background-color":"var(--ast-global-color-5)","background-image":"","background-repeat":"repeat","background-position":"center center","background-size":"auto","background-attachment":"scroll","background-type":"","background-media":"","overlay-type":"","overlay-color":"","overlay-gradient":""},"mobile":{"background-color":"var(--ast-global-color-5)","background-image":"","background-repeat":"repeat","background-position":"center center","background-size":"auto","background-attachment":"scroll","background-type":"","background-media":"","overlay-type":"","overlay-color":"","overlay-gradient":""}},"footnotes":""},"_links":{"self":[{"href":"https:\/\/marocreator.site\/es\/wp-json\/wp\/v2\/pages\/180"}],"collection":[{"href":"https:\/\/marocreator.site\/es\/wp-json\/wp\/v2\/pages"}],"about":[{"href":"https:\/\/marocreator.site\/es\/wp-json\/wp\/v2\/types\/page"}],"author":[{"embeddable":true,"href":"https:\/\/marocreator.site\/es\/wp-json\/wp\/v2\/users\/1"}],"replies":[{"embeddable":true,"href":"https:\/\/marocreator.site\/es\/wp-json\/wp\/v2\/comments?post=180"}],"version-history":[{"count":103,"href":"https:\/\/marocreator.site\/es\/wp-json\/wp\/v2\/pages\/180\/revisions"}],"predecessor-version":[{"id":1837,"href":"https:\/\/marocreator.site\/es\/wp-json\/wp\/v2\/pages\/180\/revisions\/1837"}],"wp:attachment":[{"href":"https:\/\/marocreator.site\/es\/wp-json\/wp\/v2\/media?parent=180"}],"curies":[{"name":"wp","href":"https:\/\/api.w.org\/{rel}","templated":true}]}}