{"id":191,"date":"2024-04-12T13:01:31","date_gmt":"2024-04-12T13:01:31","guid":{"rendered":"https:\/\/marocreator.site\/?page_id=191"},"modified":"2025-11-10T14:01:03","modified_gmt":"2025-11-10T14:01:03","slug":"berdes","status":"publish","type":"page","link":"https:\/\/marocreator.site\/es\/berdes\/","title":{"rendered":"Berdes"},"content":{"rendered":"<div data-elementor-type=\"wp-page\" data-elementor-id=\"191\" class=\"elementor elementor-191\">\n\t\t\t\t<div class=\"elementor-element elementor-element-4751471 elementor-hidden-desktop elementor-hidden-tablet e-flex e-con-boxed e-con e-parent\" data-id=\"4751471\" data-element_type=\"container\" data-core-v316-plus=\"true\">\n\t\t\t\t\t<div class=\"e-con-inner\">\n\t\t\t\t<div class=\"elementor-element elementor-element-0d5a039 elementor-widget elementor-widget-image\" data-id=\"0d5a039\" data-element_type=\"widget\" id=\"logotop\" data-widget_type=\"image.default\">\n\t\t\t\t<div class=\"elementor-widget-container\">\n\t\t\t<style>\/*! elementor - v3.20.0 - 10-04-2024 *\/\n.elementor-widget-image{text-align:center}.elementor-widget-image a{display:inline-block}.elementor-widget-image a img[src$=\".svg\"]{width:48px}.elementor-widget-image img{vertical-align:middle;display:inline-block}<\/style>\t\t\t\t\t\t\t\t\t\t\t<a href=\"https:\/\/marocreator.site\/\">\n\t\t\t\t\t\t\t<img fetchpriority=\"high\" decoding=\"async\" width=\"302\" height=\"302\" src=\"https:\/\/marocreator.site\/wp-content\/uploads\/2025\/11\/icon.png\" class=\"attachment-large size-large wp-image-1413\" alt=\"Maro Creator Icon\" srcset=\"https:\/\/marocreator.site\/wp-content\/uploads\/2025\/11\/icon.png 302w, https:\/\/marocreator.site\/wp-content\/uploads\/2025\/11\/icon-300x300.png 300w, https:\/\/marocreator.site\/wp-content\/uploads\/2025\/11\/icon-150x150.png 150w\" sizes=\"(max-width: 302px) 100vw, 302px\" \/>\t\t\t\t\t\t\t\t<\/a>\n\t\t\t\t\t\t\t\t\t\t\t\t\t<\/div>\n\t\t\t\t<\/div>\n\t\t\t\t\t<\/div>\n\t\t\t\t<\/div>\n\t\t<div class=\"elementor-element elementor-element-be7742f e-flex e-con-boxed e-con e-parent\" data-id=\"be7742f\" data-element_type=\"container\" data-core-v316-plus=\"true\">\n\t\t\t\t\t<div class=\"e-con-inner\">\n\t\t<div class=\"elementor-element elementor-element-2af13f1 e-con-full elementor-hidden-mobile e-flex e-con e-child\" data-id=\"2af13f1\" data-element_type=\"container\">\n\t\t<div class=\"elementor-element elementor-element-e247098 e-con-full elementor-hidden-mobile e-flex e-con e-child\" data-id=\"e247098\" data-element_type=\"container\">\n\t\t<div class=\"elementor-element elementor-element-0ab3c4c e-con-full e-flex e-con e-child\" data-id=\"0ab3c4c\" data-element_type=\"container\">\n\t\t\t\t<div class=\"elementor-element elementor-element-fa6b222 elementor-widget__width-initial elementor-widget elementor-widget-image\" data-id=\"fa6b222\" data-element_type=\"widget\" data-widget_type=\"image.default\">\n\t\t\t\t<div class=\"elementor-widget-container\">\n\t\t\t\t\t\t\t\t\t\t\t\t\t\t<a href=\"https:\/\/marocreator.site\/\">\n\t\t\t\t\t\t\t<img decoding=\"async\" width=\"500\" height=\"274\" src=\"https:\/\/marocreator.site\/wp-content\/uploads\/2025\/11\/LOGO_NUEVO.png\" class=\"attachment-full size-full wp-image-1334\" alt=\"\" srcset=\"https:\/\/marocreator.site\/wp-content\/uploads\/2025\/11\/LOGO_NUEVO.png 500w, https:\/\/marocreator.site\/wp-content\/uploads\/2025\/11\/LOGO_NUEVO-300x164.png 300w\" sizes=\"(max-width: 500px) 100vw, 500px\" \/>\t\t\t\t\t\t\t\t<\/a>\n\t\t\t\t\t\t\t\t\t\t\t\t\t<\/div>\n\t\t\t\t<\/div>\n\t\t\t\t<div class=\"elementor-element elementor-element-c847767 elementor-widget elementor-widget-button\" data-id=\"c847767\" data-element_type=\"widget\" data-widget_type=\"button.default\">\n\t\t\t\t<div class=\"elementor-widget-container\">\n\t\t\t\t\t<div class=\"elementor-button-wrapper\">\n\t\t\t<a class=\"elementor-button elementor-button-link elementor-size-sm\" href=\"https:\/\/marocreator.site\/about\/\">\n\t\t\t\t\t\t<span class=\"elementor-button-content-wrapper\">\n\t\t\t\t\t\t<span class=\"elementor-button-text\">Contacto<\/span>\n\t\t<\/span>\n\t\t\t\t\t<\/a>\n\t\t<\/div>\n\t\t\t\t<\/div>\n\t\t\t\t<\/div>\n\t\t\t\t<div class=\"elementor-element elementor-element-07bfcc6 elementor-widget elementor-widget-heading\" data-id=\"07bfcc6\" data-element_type=\"widget\" data-widget_type=\"heading.default\">\n\t\t\t\t<div class=\"elementor-widget-container\">\n\t\t\t<style>\/*! elementor - v3.20.0 - 10-04-2024 *\/\n.elementor-heading-title{padding:0;margin:0;line-height:1}.elementor-widget-heading .elementor-heading-title[class*=elementor-size-]>a{color:inherit;font-size:inherit;line-height:inherit}.elementor-widget-heading .elementor-heading-title.elementor-size-small{font-size:15px}.elementor-widget-heading .elementor-heading-title.elementor-size-medium{font-size:19px}.elementor-widget-heading .elementor-heading-title.elementor-size-large{font-size:29px}.elementor-widget-heading .elementor-heading-title.elementor-size-xl{font-size:39px}.elementor-widget-heading .elementor-heading-title.elementor-size-xxl{font-size:59px}<\/style><h2 class=\"elementor-heading-title elementor-size-default\"><a href=\"https:\/\/marocreator.site\/\">WORK<\/a><\/h2>\t\t<\/div>\n\t\t\t\t<\/div>\n\t\t\t\t<div class=\"elementor-element elementor-element-e406345 elementor-widget elementor-widget-heading\" data-id=\"e406345\" data-element_type=\"widget\" data-widget_type=\"heading.default\">\n\t\t\t\t<div class=\"elementor-widget-container\">\n\t\t\t<h2 class=\"elementor-heading-title elementor-size-default\"><a href=\"http:\/\/marocreator.site\/sutra\/\">Sutra<\/a><\/h2>\t\t<\/div>\n\t\t\t\t<\/div>\n\t\t\t\t<div class=\"elementor-element elementor-element-3c05d1b elementor-widget elementor-widget-heading\" data-id=\"3c05d1b\" data-element_type=\"widget\" data-widget_type=\"heading.default\">\n\t\t\t\t<div class=\"elementor-widget-container\">\n\t\t\t<h2 class=\"elementor-heading-title elementor-size-default\"><a href=\"http:\/\/marocreator.site\/berdes\/\">Berdes<\/a><\/h2>\t\t<\/div>\n\t\t\t\t<\/div>\n\t\t\t\t<div class=\"elementor-element elementor-element-13c97b9 elementor-widget elementor-widget-heading\" data-id=\"13c97b9\" data-element_type=\"widget\" data-widget_type=\"heading.default\">\n\t\t\t\t<div class=\"elementor-widget-container\">\n\t\t\t<h2 class=\"elementor-heading-title elementor-size-default\"><a href=\"http:\/\/marocreator.site\/punto-pan\/\">Punto Pan<\/a><\/h2>\t\t<\/div>\n\t\t\t\t<\/div>\n\t\t\t\t<div class=\"elementor-element elementor-element-3071ca3 elementor-widget elementor-widget-heading\" data-id=\"3071ca3\" data-element_type=\"widget\" data-widget_type=\"heading.default\">\n\t\t\t\t<div class=\"elementor-widget-container\">\n\t\t\t<h2 class=\"elementor-heading-title elementor-size-default\"><a href=\"http:\/\/marocreator.site\/loyalty\/\">Loyalty<\/a><\/h2>\t\t<\/div>\n\t\t\t\t<\/div>\n\t\t\t\t<div class=\"elementor-element elementor-element-6a01029 elementor-widget elementor-widget-heading\" data-id=\"6a01029\" data-element_type=\"widget\" data-widget_type=\"heading.default\">\n\t\t\t\t<div class=\"elementor-widget-container\">\n\t\t\t<h2 class=\"elementor-heading-title elementor-size-default\"><a href=\"http:\/\/marocreator.site\/bet593\/\">Bet593<\/a><\/h2>\t\t<\/div>\n\t\t\t\t<\/div>\n\t\t\t\t<div class=\"elementor-element elementor-element-e42a737 elementor-widget elementor-widget-heading\" data-id=\"e42a737\" data-element_type=\"widget\" data-widget_type=\"heading.default\">\n\t\t\t\t<div class=\"elementor-widget-container\">\n\t\t\t<h2 class=\"elementor-heading-title elementor-size-default\"><a href=\"http:\/\/marocreator.site\/video-and-audio\">Video And Audio<\/a><\/h2>\t\t<\/div>\n\t\t\t\t<\/div>\n\t\t\t\t<div class=\"elementor-element elementor-element-be763c6 elementor-widget elementor-widget-heading\" data-id=\"be763c6\" data-element_type=\"widget\" data-widget_type=\"heading.default\">\n\t\t\t\t<div class=\"elementor-widget-container\">\n\t\t\t<h2 class=\"elementor-heading-title elementor-size-default\"><a href=\"http:\/\/marocreator.site\/aruba-tattoo\/\">Aruba Tattoo<\/a><\/h2>\t\t<\/div>\n\t\t\t\t<\/div>\n\t\t\t\t<div class=\"elementor-element elementor-element-0e20fea elementor-widget elementor-widget-heading\" data-id=\"0e20fea\" data-element_type=\"widget\" data-widget_type=\"heading.default\">\n\t\t\t\t<div class=\"elementor-widget-container\">\n\t\t\t<h2 class=\"elementor-heading-title elementor-size-default\"><a href=\"http:\/\/marocreator.site\/3d-works\/\">3D Design<\/a><\/h2>\t\t<\/div>\n\t\t\t\t<\/div>\n\t\t\t\t<div class=\"elementor-element elementor-element-310deb0 elementor-widget elementor-widget-heading\" data-id=\"310deb0\" data-element_type=\"widget\" data-widget_type=\"heading.default\">\n\t\t\t\t<div class=\"elementor-widget-container\">\n\t\t\t<h2 class=\"elementor-heading-title elementor-size-default\"><a href=\"http:\/\/marocreator.site\/visso\/\">Visso<\/a><\/h2>\t\t<\/div>\n\t\t\t\t<\/div>\n\t\t\t\t<div class=\"elementor-element elementor-element-2dc0962 elementor-widget elementor-widget-heading\" data-id=\"2dc0962\" data-element_type=\"widget\" data-widget_type=\"heading.default\">\n\t\t\t\t<div class=\"elementor-widget-container\">\n\t\t\t<h2 class=\"elementor-heading-title elementor-size-default\"><a href=\"http:\/\/marocreator.site\/wood-floor\/\">Wood Floor<\/a><\/h2>\t\t<\/div>\n\t\t\t\t<\/div>\n\t\t\t\t<div class=\"elementor-element elementor-element-74f89ed elementor-widget elementor-widget-heading\" data-id=\"74f89ed\" data-element_type=\"widget\" data-widget_type=\"heading.default\">\n\t\t\t\t<div class=\"elementor-widget-container\">\n\t\t\t<h2 class=\"elementor-heading-title elementor-size-default\"><a href=\"http:\/\/marocreator.site\/la-arepera\/\">La Arepera<\/a><\/h2>\t\t<\/div>\n\t\t\t\t<\/div>\n\t\t\t\t<div class=\"elementor-element elementor-element-da219b0 elementor-widget elementor-widget-heading\" data-id=\"da219b0\" data-element_type=\"widget\" data-widget_type=\"heading.default\">\n\t\t\t\t<div class=\"elementor-widget-container\">\n\t\t\t<h2 class=\"elementor-heading-title elementor-size-default\"><a href=\"http:\/\/marocreator.site\/the-surfer\/\">The Surfer<\/a><\/h2>\t\t<\/div>\n\t\t\t\t<\/div>\n\t\t\t\t<div class=\"elementor-element elementor-element-a386101 elementor-widget elementor-widget-heading\" data-id=\"a386101\" data-element_type=\"widget\" data-widget_type=\"heading.default\">\n\t\t\t\t<div class=\"elementor-widget-container\">\n\t\t\t<h2 class=\"elementor-heading-title elementor-size-default\"><a href=\"http:\/\/marocreator.site\/valensea\">ValenSea<\/a><\/h2>\t\t<\/div>\n\t\t\t\t<\/div>\n\t\t<div class=\"elementor-element elementor-element-20146da e-grid e-con-boxed e-con e-child\" data-id=\"20146da\" data-element_type=\"container\">\n\t\t\t\t\t<div class=\"e-con-inner\">\n\t\t\t\t<div class=\"elementor-element elementor-element-0a14add elementor-view-default elementor-widget elementor-widget-icon\" data-id=\"0a14add\" data-element_type=\"widget\" data-widget_type=\"icon.default\">\n\t\t\t\t<div class=\"elementor-widget-container\">\n\t\t\t\t\t<div class=\"elementor-icon-wrapper\">\n\t\t\t<a class=\"elementor-icon\" href=\"https:\/\/www.instagram.com\/marocreator\">\n\t\t\t<svg aria-hidden=\"true\" class=\"e-font-icon-svg e-fab-instagram\" viewbox=\"0 0 448 512\" xmlns=\"http:\/\/www.w3.org\/2000\/svg\"><path d=\"M224.1 141c-63.6 0-114.9 51.3-114.9 114.9s51.3 114.9 114.9 114.9S339 319.5 339 255.9 287.7 141 224.1 141zm0 189.6c-41.1 0-74.7-33.5-74.7-74.7s33.5-74.7 74.7-74.7 74.7 33.5 74.7 74.7-33.6 74.7-74.7 74.7zm146.4-194.3c0 14.9-12 26.8-26.8 26.8-14.9 0-26.8-12-26.8-26.8s12-26.8 26.8-26.8 26.8 12 26.8 26.8zm76.1 27.2c-1.7-35.9-9.9-67.7-36.2-93.9-26.2-26.2-58-34.4-93.9-36.2-37-2.1-147.9-2.1-184.9 0-35.8 1.7-67.6 9.9-93.9 36.1s-34.4 58-36.2 93.9c-2.1 37-2.1 147.9 0 184.9 1.7 35.9 9.9 67.7 36.2 93.9s58 34.4 93.9 36.2c37 2.1 147.9 2.1 184.9 0 35.9-1.7 67.7-9.9 93.9-36.2 26.2-26.2 34.4-58 36.2-93.9 2.1-37 2.1-147.8 0-184.8zM398.8 388c-7.8 19.6-22.9 34.7-42.6 42.6-29.5 11.7-99.5 9-132.1 9s-102.7 2.6-132.1-9c-19.6-7.8-34.7-22.9-42.6-42.6-11.7-29.5-9-99.5-9-132.1s-2.6-102.7 9-132.1c7.8-19.6 22.9-34.7 42.6-42.6 29.5-11.7 99.5-9 132.1-9s102.7-2.6 132.1 9c19.6 7.8 34.7 22.9 42.6 42.6 11.7 29.5 9 99.5 9 132.1s2.7 102.7-9 132.1z\"><\/path><\/svg>\t\t\t<\/a>\n\t\t<\/div>\n\t\t\t\t<\/div>\n\t\t\t\t<\/div>\n\t\t\t\t<div class=\"elementor-element elementor-element-e997118 elementor-view-default elementor-widget elementor-widget-icon\" data-id=\"e997118\" data-element_type=\"widget\" data-widget_type=\"icon.default\">\n\t\t\t\t<div class=\"elementor-widget-container\">\n\t\t\t\t\t<div class=\"elementor-icon-wrapper\">\n\t\t\t<a class=\"elementor-icon\" href=\"https:\/\/www.tiktok.com\/@maro.creator?_r=1&#038;_t=ZP-91F24v5ClIs\">\n\t\t\t<svg aria-hidden=\"true\" class=\"e-font-icon-svg e-fab-tiktok\" viewbox=\"0 0 448 512\" xmlns=\"http:\/\/www.w3.org\/2000\/svg\"><path d=\"M448,209.91a210.06,210.06,0,0,1-122.77-39.25V349.38A162.55,162.55,0,1,1,185,188.31V278.2a74.62,74.62,0,1,0,52.23,71.18V0l88,0a121.18,121.18,0,0,0,1.86,22.17h0A122.18,122.18,0,0,0,381,102.39a121.43,121.43,0,0,0,67,20.14Z\"><\/path><\/svg>\t\t\t<\/a>\n\t\t<\/div>\n\t\t\t\t<\/div>\n\t\t\t\t<\/div>\n\t\t\t\t\t<\/div>\n\t\t\t\t<\/div>\n\t\t\t\t<\/div>\n\t\t\t\t<\/div>\n\t\t\t\t<\/div>\n\t\t<div class=\"elementor-element elementor-element-949011e e-con-full e-flex e-con e-child\" data-id=\"949011e\" data-element_type=\"container\">\n\t\t\t\t<div class=\"elementor-element elementor-element-313468c elementor-widget elementor-widget-heading\" data-id=\"313468c\" data-element_type=\"widget\" data-widget_type=\"heading.default\">\n\t\t\t\t<div class=\"elementor-widget-container\">\n\t\t\t<h1 class=\"elementor-heading-title elementor-size-default\">BERDES<\/h1>\t\t<\/div>\n\t\t\t\t<\/div>\n\t\t\t\t<div class=\"elementor-element elementor-element-f1742aa elementor-widget elementor-widget-heading\" data-id=\"f1742aa\" data-element_type=\"widget\" data-widget_type=\"heading.default\">\n\t\t\t\t<div class=\"elementor-widget-container\">\n\t\t\t<p class=\"elementor-heading-title elementor-size-default\">Branding con Prop\u00f3sito\nBerdes es un restaurante ubicado en San Crist\u00f3bal, Venezuela. A primera vista, el nombre llama la atenci\u00f3n\u2014aunque est\u00e1 escrito con B y no con V. Esto es intencional: la B representa bueno, mientras que verdes evoca frescura y calidad.<br><br>\n\nEl cliente quer\u00eda una marca que comunicara este concepto de manera clara y creativa, tanto a trav\u00e9s del nombre como visualmente.\n\nMi rol en este proyecto fue desarrollar un branding completo y la identidad visual de Berdes. El reto consist\u00eda en traducir los valores de la marca\u2014bondad, frescura y ingredientes de alta calidad\u2014en elementos tangibles:\n\nLettering y vinilos decorativos que destacan los platos insignia, los ingredientes y lugares tur\u00edsticos de Venezuela.\n\nMen\u00fas, empaques y recipientes para llevar dise\u00f1ados para extender la experiencia de la marca m\u00e1s all\u00e1 del restaurante.\n\nLogo, paleta de colores, \u00edconos y lenguaje visual que refuerzan el concepto en todos los puntos de contacto.<br><br>\n\nBerdes ofrece una amplia variedad de platos, desde ensaladas frescas hasta carnes premium y otras especialidades\u2014celebrando la calidad y el sabor en cada plato.\n\nEl resultado fue una identidad cohesiva, creativa y expresiva que no solo satisfizo al cliente, sino que tambi\u00e9n comunica la misi\u00f3n de Berdes: comida buena, elaborada con ingredientes de alta calidad y presentada con cuidado y creatividad.<br><br>\n\nTrabajar en este proyecto me record\u00f3 que el branding es resoluci\u00f3n de problemas: se trata de comprender los objetivos del cliente y transformarlos en historias visuales que conecten con las personas.<\/p>\t\t<\/div>\n\t\t\t\t<\/div>\n\t\t\t\t<div class=\"elementor-element elementor-element-115ea4a elementor-widget elementor-widget-image\" data-id=\"115ea4a\" data-element_type=\"widget\" data-widget_type=\"image.default\">\n\t\t\t\t<div class=\"elementor-widget-container\">\n\t\t\t\t\t\t\t\t\t\t\t\t\t<img decoding=\"async\" width=\"1024\" height=\"661\" src=\"https:\/\/marocreator.site\/wp-content\/uploads\/2024\/04\/B_01-1-1024x661.jpg\" class=\"attachment-large size-large wp-image-986\" alt=\"\" srcset=\"https:\/\/marocreator.site\/wp-content\/uploads\/2024\/04\/B_01-1-1024x661.jpg 1024w, https:\/\/marocreator.site\/wp-content\/uploads\/2024\/04\/B_01-1-300x194.jpg 300w, https:\/\/marocreator.site\/wp-content\/uploads\/2024\/04\/B_01-1-768x496.jpg 768w, https:\/\/marocreator.site\/wp-content\/uploads\/2024\/04\/B_01-1.jpg 1080w\" sizes=\"(max-width: 1024px) 100vw, 1024px\" \/>\t\t\t\t\t\t\t\t\t\t\t\t\t<\/div>\n\t\t\t\t<\/div>\n\t\t\t\t<div class=\"elementor-element elementor-element-1f6ff57 elementor-widget elementor-widget-image\" data-id=\"1f6ff57\" data-element_type=\"widget\" data-widget_type=\"image.default\">\n\t\t\t\t<div class=\"elementor-widget-container\">\n\t\t\t\t\t\t\t\t\t\t\t\t\t<img loading=\"lazy\" decoding=\"async\" width=\"1024\" height=\"901\" src=\"https:\/\/marocreator.site\/wp-content\/uploads\/2024\/04\/B_02-1024x901.jpg\" class=\"attachment-large size-large wp-image-988\" alt=\"\" srcset=\"https:\/\/marocreator.site\/wp-content\/uploads\/2024\/04\/B_02-1024x901.jpg 1024w, https:\/\/marocreator.site\/wp-content\/uploads\/2024\/04\/B_02-300x264.jpg 300w, https:\/\/marocreator.site\/wp-content\/uploads\/2024\/04\/B_02-768x676.jpg 768w, https:\/\/marocreator.site\/wp-content\/uploads\/2024\/04\/B_02.jpg 1080w\" sizes=\"(max-width: 1024px) 100vw, 1024px\" \/>\t\t\t\t\t\t\t\t\t\t\t\t\t<\/div>\n\t\t\t\t<\/div>\n\t\t\t\t<div class=\"elementor-element elementor-element-a381375 elementor-widget elementor-widget-image\" data-id=\"a381375\" data-element_type=\"widget\" data-widget_type=\"image.default\">\n\t\t\t\t<div class=\"elementor-widget-container\">\n\t\t\t\t\t\t\t\t\t\t\t\t\t<img loading=\"lazy\" decoding=\"async\" width=\"1024\" height=\"768\" src=\"https:\/\/marocreator.site\/wp-content\/uploads\/2024\/04\/B_03-1024x768.jpg\" class=\"attachment-large size-large wp-image-989\" alt=\"\" srcset=\"https:\/\/marocreator.site\/wp-content\/uploads\/2024\/04\/B_03-1024x768.jpg 1024w, https:\/\/marocreator.site\/wp-content\/uploads\/2024\/04\/B_03-300x225.jpg 300w, https:\/\/marocreator.site\/wp-content\/uploads\/2024\/04\/B_03-768x576.jpg 768w, https:\/\/marocreator.site\/wp-content\/uploads\/2024\/04\/B_03.jpg 1080w\" sizes=\"(max-width: 1024px) 100vw, 1024px\" \/>\t\t\t\t\t\t\t\t\t\t\t\t\t<\/div>\n\t\t\t\t<\/div>\n\t\t\t\t<div class=\"elementor-element elementor-element-e746ccb elementor-widget elementor-widget-image\" data-id=\"e746ccb\" data-element_type=\"widget\" data-widget_type=\"image.default\">\n\t\t\t\t<div class=\"elementor-widget-container\">\n\t\t\t\t\t\t\t\t\t\t\t\t\t<img loading=\"lazy\" decoding=\"async\" width=\"1024\" height=\"731\" src=\"https:\/\/marocreator.site\/wp-content\/uploads\/2024\/04\/B_04-1024x731.jpg\" class=\"attachment-large size-large wp-image-990\" alt=\"\" srcset=\"https:\/\/marocreator.site\/wp-content\/uploads\/2024\/04\/B_04-1024x731.jpg 1024w, https:\/\/marocreator.site\/wp-content\/uploads\/2024\/04\/B_04-300x214.jpg 300w, https:\/\/marocreator.site\/wp-content\/uploads\/2024\/04\/B_04-768x548.jpg 768w, https:\/\/marocreator.site\/wp-content\/uploads\/2024\/04\/B_04.jpg 1080w\" sizes=\"(max-width: 1024px) 100vw, 1024px\" \/>\t\t\t\t\t\t\t\t\t\t\t\t\t<\/div>\n\t\t\t\t<\/div>\n\t\t\t\t<div class=\"elementor-element elementor-element-39a01cf elementor-widget elementor-widget-image\" data-id=\"39a01cf\" data-element_type=\"widget\" data-widget_type=\"image.default\">\n\t\t\t\t<div class=\"elementor-widget-container\">\n\t\t\t\t\t\t\t\t\t\t\t\t\t<img loading=\"lazy\" decoding=\"async\" width=\"1024\" height=\"734\" src=\"https:\/\/marocreator.site\/wp-content\/uploads\/2024\/04\/B_05-1024x734.jpg\" class=\"attachment-large size-large wp-image-985\" alt=\"\" srcset=\"https:\/\/marocreator.site\/wp-content\/uploads\/2024\/04\/B_05-1024x734.jpg 1024w, https:\/\/marocreator.site\/wp-content\/uploads\/2024\/04\/B_05-300x215.jpg 300w, https:\/\/marocreator.site\/wp-content\/uploads\/2024\/04\/B_05-768x550.jpg 768w, https:\/\/marocreator.site\/wp-content\/uploads\/2024\/04\/B_05.jpg 1080w\" sizes=\"(max-width: 1024px) 100vw, 1024px\" \/>\t\t\t\t\t\t\t\t\t\t\t\t\t<\/div>\n\t\t\t\t<\/div>\n\t\t\t\t<\/div>\n\t\t\t\t\t<\/div>\n\t\t\t\t<\/div>\n\t\t<div class=\"elementor-element elementor-element-11d29ba e-flex e-con-boxed e-con e-parent\" data-id=\"11d29ba\" data-element_type=\"container\" data-core-v316-plus=\"true\">\n\t\t\t\t\t<div class=\"e-con-inner\">\n\t\t<div class=\"elementor-element elementor-element-4e178b1 e-flex e-con-boxed e-con e-child\" data-id=\"4e178b1\" data-element_type=\"container\">\n\t\t\t\t\t<div class=\"e-con-inner\">\n\t\t<div class=\"elementor-element elementor-element-4e2763a e-flex e-con-boxed e-con e-child\" data-id=\"4e2763a\" data-element_type=\"container\">\n\t\t\t\t\t<div class=\"e-con-inner\">\n\t\t\t\t<div class=\"elementor-element elementor-element-00fffe0 elementor-align-center elementor-widget elementor-widget-button\" data-id=\"00fffe0\" data-element_type=\"widget\" data-widget_type=\"button.default\">\n\t\t\t\t<div class=\"elementor-widget-container\">\n\t\t\t\t\t<div class=\"elementor-button-wrapper\">\n\t\t\t<a class=\"elementor-button elementor-button-link elementor-size-sm\" href=\"#logotop\">\n\t\t\t\t\t\t<span class=\"elementor-button-content-wrapper\">\n\t\t\t\t\t\t<span class=\"elementor-button-text\">Back to top<\/span>\n\t\t<\/span>\n\t\t\t\t\t<\/a>\n\t\t<\/div>\n\t\t\t\t<\/div>\n\t\t\t\t<\/div>\n\t\t\t\t\t<\/div>\n\t\t\t\t<\/div>\n\t\t\t\t\t<\/div>\n\t\t\t\t<\/div>\n\t\t\t\t\t<\/div>\n\t\t\t\t<\/div>\n\t\t\t\t<\/div>","protected":false},"excerpt":{"rendered":"<p>Contact WORK Sutra Berdes Punto Pan Loyalty Bet593 Video And Audio Aruba Tattoo 3D Design Visso Wood Floor La Arepera [&hellip;]<\/p>","protected":false},"author":1,"featured_media":0,"parent":0,"menu_order":0,"comment_status":"closed","ping_status":"closed","template":"","meta":{"inline_featured_image":false,"site-sidebar-layout":"no-sidebar","site-content-layout":"","ast-site-content-layout":"full-width-container","site-content-style":"default","site-sidebar-style":"default","ast-global-header-display":"","ast-banner-title-visibility":"","ast-main-header-display":"","ast-hfb-above-header-display":"","ast-hfb-below-header-display":"","ast-hfb-mobile-header-display":"","site-post-title":"disabled","ast-breadcrumbs-content":"","ast-featured-img":"disabled","footer-sml-layout":"","theme-transparent-header-meta":"","adv-header-id-meta":"","stick-header-meta":"","header-above-stick-meta":"","header-main-stick-meta":"","header-below-stick-meta":"","astra-migrate-meta-layouts":"default","ast-page-background-enabled":"default","ast-page-background-meta":{"desktop":{"background-color":"var(--ast-global-color-4)","background-image":"","background-repeat":"repeat","background-position":"center center","background-size":"auto","background-attachment":"scroll","background-type":"","background-media":"","overlay-type":"","overlay-color":"","overlay-gradient":""},"tablet":{"background-color":"","background-image":"","background-repeat":"repeat","background-position":"center center","background-size":"auto","background-attachment":"scroll","background-type":"","background-media":"","overlay-type":"","overlay-color":"","overlay-gradient":""},"mobile":{"background-color":"","background-image":"","background-repeat":"repeat","background-position":"center center","background-size":"auto","background-attachment":"scroll","background-type":"","background-media":"","overlay-type":"","overlay-color":"","overlay-gradient":""}},"ast-content-background-meta":{"desktop":{"background-color":"var(--ast-global-color-5)","background-image":"","background-repeat":"repeat","background-position":"center center","background-size":"auto","background-attachment":"scroll","background-type":"","background-media":"","overlay-type":"","overlay-color":"","overlay-gradient":""},"tablet":{"background-color":"var(--ast-global-color-5)","background-image":"","background-repeat":"repeat","background-position":"center center","background-size":"auto","background-attachment":"scroll","background-type":"","background-media":"","overlay-type":"","overlay-color":"","overlay-gradient":""},"mobile":{"background-color":"var(--ast-global-color-5)","background-image":"","background-repeat":"repeat","background-position":"center center","background-size":"auto","background-attachment":"scroll","background-type":"","background-media":"","overlay-type":"","overlay-color":"","overlay-gradient":""}},"footnotes":""},"_links":{"self":[{"href":"https:\/\/marocreator.site\/es\/wp-json\/wp\/v2\/pages\/191"}],"collection":[{"href":"https:\/\/marocreator.site\/es\/wp-json\/wp\/v2\/pages"}],"about":[{"href":"https:\/\/marocreator.site\/es\/wp-json\/wp\/v2\/types\/page"}],"author":[{"embeddable":true,"href":"https:\/\/marocreator.site\/es\/wp-json\/wp\/v2\/users\/1"}],"replies":[{"embeddable":true,"href":"https:\/\/marocreator.site\/es\/wp-json\/wp\/v2\/comments?post=191"}],"version-history":[{"count":79,"href":"https:\/\/marocreator.site\/es\/wp-json\/wp\/v2\/pages\/191\/revisions"}],"predecessor-version":[{"id":1495,"href":"https:\/\/marocreator.site\/es\/wp-json\/wp\/v2\/pages\/191\/revisions\/1495"}],"wp:attachment":[{"href":"https:\/\/marocreator.site\/es\/wp-json\/wp\/v2\/media?parent=191"}],"curies":[{"name":"wp","href":"https:\/\/api.w.org\/{rel}","templated":true}]}}