{"id":281,"date":"2024-04-12T21:37:46","date_gmt":"2024-04-12T21:37:46","guid":{"rendered":"https:\/\/marocreator.site\/?page_id=281"},"modified":"2026-02-03T17:42:56","modified_gmt":"2026-02-03T17:42:56","slug":"bet593","status":"publish","type":"page","link":"https:\/\/marocreator.site\/es\/bet593\/","title":{"rendered":"Bet593"},"content":{"rendered":"<div data-elementor-type=\"wp-page\" data-elementor-id=\"281\" class=\"elementor elementor-281\">\n\t\t\t\t<div class=\"elementor-element elementor-element-e8a0ace elementor-hidden-desktop elementor-hidden-tablet e-flex e-con-boxed e-con e-parent\" data-id=\"e8a0ace\" data-element_type=\"container\" data-core-v316-plus=\"true\">\n\t\t\t\t\t<div class=\"e-con-inner\">\n\t\t\t\t<div class=\"elementor-element elementor-element-0d9824e elementor-widget elementor-widget-image\" data-id=\"0d9824e\" data-element_type=\"widget\" id=\"logotop\" data-widget_type=\"image.default\">\n\t\t\t\t<div class=\"elementor-widget-container\">\n\t\t\t<style>\/*! elementor - v3.20.0 - 10-04-2024 *\/\n.elementor-widget-image{text-align:center}.elementor-widget-image a{display:inline-block}.elementor-widget-image a img[src$=\".svg\"]{width:48px}.elementor-widget-image img{vertical-align:middle;display:inline-block}<\/style>\t\t\t\t\t\t\t\t\t\t\t<a href=\"https:\/\/marocreator.site\/\">\n\t\t\t\t\t\t\t<img fetchpriority=\"high\" decoding=\"async\" width=\"302\" height=\"302\" src=\"https:\/\/marocreator.site\/wp-content\/uploads\/2025\/11\/icon.png\" class=\"attachment-large size-large wp-image-1413\" alt=\"Maro Creator Icon\" srcset=\"https:\/\/marocreator.site\/wp-content\/uploads\/2025\/11\/icon.png 302w, https:\/\/marocreator.site\/wp-content\/uploads\/2025\/11\/icon-300x300.png 300w, https:\/\/marocreator.site\/wp-content\/uploads\/2025\/11\/icon-150x150.png 150w\" sizes=\"(max-width: 302px) 100vw, 302px\" \/>\t\t\t\t\t\t\t\t<\/a>\n\t\t\t\t\t\t\t\t\t\t\t\t\t<\/div>\n\t\t\t\t<\/div>\n\t\t\t\t\t<\/div>\n\t\t\t\t<\/div>\n\t\t<div class=\"elementor-element elementor-element-6b3ad72 e-flex e-con-boxed e-con e-parent\" data-id=\"6b3ad72\" data-element_type=\"container\" data-core-v316-plus=\"true\">\n\t\t\t\t\t<div class=\"e-con-inner\">\n\t\t<div class=\"elementor-element elementor-element-5078f89 e-con-full elementor-hidden-mobile e-flex e-con e-child\" data-id=\"5078f89\" data-element_type=\"container\">\n\t\t<div class=\"elementor-element elementor-element-f7134f2 e-con-full elementor-hidden-mobile e-flex e-con e-child\" data-id=\"f7134f2\" data-element_type=\"container\">\n\t\t<div class=\"elementor-element elementor-element-9f27a9c e-con-full e-flex e-con e-child\" data-id=\"9f27a9c\" data-element_type=\"container\">\n\t\t\t\t<div class=\"elementor-element elementor-element-7acd582 elementor-widget__width-initial elementor-widget elementor-widget-image\" data-id=\"7acd582\" data-element_type=\"widget\" data-widget_type=\"image.default\">\n\t\t\t\t<div class=\"elementor-widget-container\">\n\t\t\t\t\t\t\t\t\t\t\t\t\t\t<a href=\"https:\/\/marocreator.site\/\">\n\t\t\t\t\t\t\t<img decoding=\"async\" width=\"500\" height=\"274\" src=\"https:\/\/marocreator.site\/wp-content\/uploads\/2025\/11\/LOGO_NUEVO.png\" class=\"attachment-full size-full wp-image-1334\" alt=\"\" srcset=\"https:\/\/marocreator.site\/wp-content\/uploads\/2025\/11\/LOGO_NUEVO.png 500w, https:\/\/marocreator.site\/wp-content\/uploads\/2025\/11\/LOGO_NUEVO-300x164.png 300w\" sizes=\"(max-width: 500px) 100vw, 500px\" \/>\t\t\t\t\t\t\t\t<\/a>\n\t\t\t\t\t\t\t\t\t\t\t\t\t<\/div>\n\t\t\t\t<\/div>\n\t\t\t\t<div class=\"elementor-element elementor-element-990f08f elementor-widget elementor-widget-button\" data-id=\"990f08f\" data-element_type=\"widget\" data-widget_type=\"button.default\">\n\t\t\t\t<div class=\"elementor-widget-container\">\n\t\t\t\t\t<div class=\"elementor-button-wrapper\">\n\t\t\t<a class=\"elementor-button elementor-button-link elementor-size-sm\" href=\"https:\/\/marocreator.site\/about\/\">\n\t\t\t\t\t\t<span class=\"elementor-button-content-wrapper\">\n\t\t\t\t\t\t<span class=\"elementor-button-text\">Contacto<\/span>\n\t\t<\/span>\n\t\t\t\t\t<\/a>\n\t\t<\/div>\n\t\t\t\t<\/div>\n\t\t\t\t<\/div>\n\t\t\t\t<div class=\"elementor-element elementor-element-08cf07d elementor-widget elementor-widget-heading\" data-id=\"08cf07d\" data-element_type=\"widget\" data-widget_type=\"heading.default\">\n\t\t\t\t<div class=\"elementor-widget-container\">\n\t\t\t<style>\/*! elementor - v3.20.0 - 10-04-2024 *\/\n.elementor-heading-title{padding:0;margin:0;line-height:1}.elementor-widget-heading .elementor-heading-title[class*=elementor-size-]>a{color:inherit;font-size:inherit;line-height:inherit}.elementor-widget-heading .elementor-heading-title.elementor-size-small{font-size:15px}.elementor-widget-heading .elementor-heading-title.elementor-size-medium{font-size:19px}.elementor-widget-heading .elementor-heading-title.elementor-size-large{font-size:29px}.elementor-widget-heading .elementor-heading-title.elementor-size-xl{font-size:39px}.elementor-widget-heading .elementor-heading-title.elementor-size-xxl{font-size:59px}<\/style><h2 class=\"elementor-heading-title elementor-size-default\"><a href=\"https:\/\/marocreator.site\/\">WORK<\/a><\/h2>\t\t<\/div>\n\t\t\t\t<\/div>\n\t\t\t\t<div class=\"elementor-element elementor-element-2a5cf97 elementor-widget elementor-widget-heading\" data-id=\"2a5cf97\" data-element_type=\"widget\" data-widget_type=\"heading.default\">\n\t\t\t\t<div class=\"elementor-widget-container\">\n\t\t\t<h2 class=\"elementor-heading-title elementor-size-default\"><a href=\"http:\/\/marocreator.site\/sutra\/\">Sutra<\/a><\/h2>\t\t<\/div>\n\t\t\t\t<\/div>\n\t\t\t\t<div class=\"elementor-element elementor-element-377ad02 elementor-widget elementor-widget-heading\" data-id=\"377ad02\" data-element_type=\"widget\" data-widget_type=\"heading.default\">\n\t\t\t\t<div class=\"elementor-widget-container\">\n\t\t\t<h2 class=\"elementor-heading-title elementor-size-default\"><a href=\"http:\/\/marocreator.site\/berdes\/\">Berdes<\/a><\/h2>\t\t<\/div>\n\t\t\t\t<\/div>\n\t\t\t\t<div class=\"elementor-element elementor-element-03f60c3 elementor-widget elementor-widget-heading\" data-id=\"03f60c3\" data-element_type=\"widget\" data-widget_type=\"heading.default\">\n\t\t\t\t<div class=\"elementor-widget-container\">\n\t\t\t<h2 class=\"elementor-heading-title elementor-size-default\"><a href=\"http:\/\/marocreator.site\/punto-pan\/\">Punto Pan<\/a><\/h2>\t\t<\/div>\n\t\t\t\t<\/div>\n\t\t\t\t<div class=\"elementor-element elementor-element-d9bb07d elementor-widget elementor-widget-heading\" data-id=\"d9bb07d\" data-element_type=\"widget\" data-widget_type=\"heading.default\">\n\t\t\t\t<div class=\"elementor-widget-container\">\n\t\t\t<h2 class=\"elementor-heading-title elementor-size-default\"><a href=\"http:\/\/marocreator.site\/loyalty\/\">Loyalty<\/a><\/h2>\t\t<\/div>\n\t\t\t\t<\/div>\n\t\t\t\t<div class=\"elementor-element elementor-element-04add1b elementor-widget elementor-widget-heading\" data-id=\"04add1b\" data-element_type=\"widget\" data-widget_type=\"heading.default\">\n\t\t\t\t<div class=\"elementor-widget-container\">\n\t\t\t<h2 class=\"elementor-heading-title elementor-size-default\"><a href=\"http:\/\/marocreator.site\/bet593\/\">Bet593<\/a><\/h2>\t\t<\/div>\n\t\t\t\t<\/div>\n\t\t\t\t<div class=\"elementor-element elementor-element-6b338f6 elementor-widget elementor-widget-heading\" data-id=\"6b338f6\" data-element_type=\"widget\" data-widget_type=\"heading.default\">\n\t\t\t\t<div class=\"elementor-widget-container\">\n\t\t\t<h2 class=\"elementor-heading-title elementor-size-default\"><a href=\"http:\/\/marocreator.site\/video-and-audio\">Video And Audio<\/a><\/h2>\t\t<\/div>\n\t\t\t\t<\/div>\n\t\t\t\t<div class=\"elementor-element elementor-element-f0af193 elementor-widget elementor-widget-heading\" data-id=\"f0af193\" data-element_type=\"widget\" data-widget_type=\"heading.default\">\n\t\t\t\t<div class=\"elementor-widget-container\">\n\t\t\t<h2 class=\"elementor-heading-title elementor-size-default\"><a href=\"http:\/\/marocreator.site\/aruba-tattoo\/\">Aruba Tattoo<\/a><\/h2>\t\t<\/div>\n\t\t\t\t<\/div>\n\t\t\t\t<div class=\"elementor-element elementor-element-085f972 elementor-widget elementor-widget-heading\" data-id=\"085f972\" data-element_type=\"widget\" data-widget_type=\"heading.default\">\n\t\t\t\t<div class=\"elementor-widget-container\">\n\t\t\t<h2 class=\"elementor-heading-title elementor-size-default\"><a href=\"http:\/\/marocreator.site\/3d-works\/\">3D Design<\/a><\/h2>\t\t<\/div>\n\t\t\t\t<\/div>\n\t\t\t\t<div class=\"elementor-element elementor-element-94e4a4d elementor-widget elementor-widget-heading\" data-id=\"94e4a4d\" data-element_type=\"widget\" data-widget_type=\"heading.default\">\n\t\t\t\t<div class=\"elementor-widget-container\">\n\t\t\t<h2 class=\"elementor-heading-title elementor-size-default\"><a href=\"http:\/\/marocreator.site\/visso\/\">Visso<\/a><\/h2>\t\t<\/div>\n\t\t\t\t<\/div>\n\t\t\t\t<div class=\"elementor-element elementor-element-e9b3d2e elementor-widget elementor-widget-heading\" data-id=\"e9b3d2e\" data-element_type=\"widget\" data-widget_type=\"heading.default\">\n\t\t\t\t<div class=\"elementor-widget-container\">\n\t\t\t<h2 class=\"elementor-heading-title elementor-size-default\"><a href=\"http:\/\/marocreator.site\/wood-floor\/\">Wood Floor<\/a><\/h2>\t\t<\/div>\n\t\t\t\t<\/div>\n\t\t\t\t<div class=\"elementor-element elementor-element-976963d elementor-widget elementor-widget-heading\" data-id=\"976963d\" data-element_type=\"widget\" data-widget_type=\"heading.default\">\n\t\t\t\t<div class=\"elementor-widget-container\">\n\t\t\t<h2 class=\"elementor-heading-title elementor-size-default\"><a href=\"http:\/\/marocreator.site\/la-arepera\/\">La Arepera<\/a><\/h2>\t\t<\/div>\n\t\t\t\t<\/div>\n\t\t\t\t<div class=\"elementor-element elementor-element-abb2fba elementor-widget elementor-widget-heading\" data-id=\"abb2fba\" data-element_type=\"widget\" data-widget_type=\"heading.default\">\n\t\t\t\t<div class=\"elementor-widget-container\">\n\t\t\t<h2 class=\"elementor-heading-title elementor-size-default\"><a href=\"http:\/\/marocreator.site\/the-surfer\/\">The Surfer<\/a><\/h2>\t\t<\/div>\n\t\t\t\t<\/div>\n\t\t\t\t<div class=\"elementor-element elementor-element-ff02098 elementor-widget elementor-widget-heading\" data-id=\"ff02098\" data-element_type=\"widget\" data-widget_type=\"heading.default\">\n\t\t\t\t<div class=\"elementor-widget-container\">\n\t\t\t<h2 class=\"elementor-heading-title elementor-size-default\"><a href=\"http:\/\/marocreator.site\/valensea\">ValenSea<\/a><\/h2>\t\t<\/div>\n\t\t\t\t<\/div>\n\t\t<div class=\"elementor-element elementor-element-814e71a e-grid e-con-boxed e-con e-child\" data-id=\"814e71a\" data-element_type=\"container\">\n\t\t\t\t\t<div class=\"e-con-inner\">\n\t\t\t\t<div class=\"elementor-element elementor-element-99a525c elementor-view-default elementor-widget elementor-widget-icon\" data-id=\"99a525c\" data-element_type=\"widget\" data-widget_type=\"icon.default\">\n\t\t\t\t<div class=\"elementor-widget-container\">\n\t\t\t\t\t<div class=\"elementor-icon-wrapper\">\n\t\t\t<a class=\"elementor-icon\" href=\"https:\/\/www.instagram.com\/marocreator\">\n\t\t\t<svg aria-hidden=\"true\" class=\"e-font-icon-svg e-fab-instagram\" viewbox=\"0 0 448 512\" xmlns=\"http:\/\/www.w3.org\/2000\/svg\"><path d=\"M224.1 141c-63.6 0-114.9 51.3-114.9 114.9s51.3 114.9 114.9 114.9S339 319.5 339 255.9 287.7 141 224.1 141zm0 189.6c-41.1 0-74.7-33.5-74.7-74.7s33.5-74.7 74.7-74.7 74.7 33.5 74.7 74.7-33.6 74.7-74.7 74.7zm146.4-194.3c0 14.9-12 26.8-26.8 26.8-14.9 0-26.8-12-26.8-26.8s12-26.8 26.8-26.8 26.8 12 26.8 26.8zm76.1 27.2c-1.7-35.9-9.9-67.7-36.2-93.9-26.2-26.2-58-34.4-93.9-36.2-37-2.1-147.9-2.1-184.9 0-35.8 1.7-67.6 9.9-93.9 36.1s-34.4 58-36.2 93.9c-2.1 37-2.1 147.9 0 184.9 1.7 35.9 9.9 67.7 36.2 93.9s58 34.4 93.9 36.2c37 2.1 147.9 2.1 184.9 0 35.9-1.7 67.7-9.9 93.9-36.2 26.2-26.2 34.4-58 36.2-93.9 2.1-37 2.1-147.8 0-184.8zM398.8 388c-7.8 19.6-22.9 34.7-42.6 42.6-29.5 11.7-99.5 9-132.1 9s-102.7 2.6-132.1-9c-19.6-7.8-34.7-22.9-42.6-42.6-11.7-29.5-9-99.5-9-132.1s-2.6-102.7 9-132.1c7.8-19.6 22.9-34.7 42.6-42.6 29.5-11.7 99.5-9 132.1-9s102.7-2.6 132.1 9c19.6 7.8 34.7 22.9 42.6 42.6 11.7 29.5 9 99.5 9 132.1s2.7 102.7-9 132.1z\"><\/path><\/svg>\t\t\t<\/a>\n\t\t<\/div>\n\t\t\t\t<\/div>\n\t\t\t\t<\/div>\n\t\t\t\t<div class=\"elementor-element elementor-element-20d4fa7 elementor-view-default elementor-widget elementor-widget-icon\" data-id=\"20d4fa7\" data-element_type=\"widget\" data-widget_type=\"icon.default\">\n\t\t\t\t<div class=\"elementor-widget-container\">\n\t\t\t\t\t<div class=\"elementor-icon-wrapper\">\n\t\t\t<a class=\"elementor-icon\" href=\"https:\/\/www.tiktok.com\/@maro.creator?_r=1&#038;_t=ZP-91F24v5ClIs\">\n\t\t\t<svg aria-hidden=\"true\" class=\"e-font-icon-svg e-fab-tiktok\" viewbox=\"0 0 448 512\" xmlns=\"http:\/\/www.w3.org\/2000\/svg\"><path d=\"M448,209.91a210.06,210.06,0,0,1-122.77-39.25V349.38A162.55,162.55,0,1,1,185,188.31V278.2a74.62,74.62,0,1,0,52.23,71.18V0l88,0a121.18,121.18,0,0,0,1.86,22.17h0A122.18,122.18,0,0,0,381,102.39a121.43,121.43,0,0,0,67,20.14Z\"><\/path><\/svg>\t\t\t<\/a>\n\t\t<\/div>\n\t\t\t\t<\/div>\n\t\t\t\t<\/div>\n\t\t\t\t\t<\/div>\n\t\t\t\t<\/div>\n\t\t\t\t<\/div>\n\t\t\t\t<\/div>\n\t\t\t\t<\/div>\n\t\t<div class=\"elementor-element elementor-element-f6e6116 e-con-full e-flex e-con e-child\" data-id=\"f6e6116\" data-element_type=\"container\">\n\t\t\t\t<div class=\"elementor-element elementor-element-ed91c84 elementor-widget elementor-widget-heading\" data-id=\"ed91c84\" data-element_type=\"widget\" data-widget_type=\"heading.default\">\n\t\t\t\t<div class=\"elementor-widget-container\">\n\t\t\t<h1 class=\"elementor-heading-title elementor-size-default\">BET593<\/h1>\t\t<\/div>\n\t\t\t\t<\/div>\n\t\t\t\t<div class=\"elementor-element elementor-element-62e614f elementor-widget elementor-widget-heading\" data-id=\"62e614f\" data-element_type=\"widget\" data-widget_type=\"heading.default\">\n\t\t\t\t<div class=\"elementor-widget-container\">\n\t\t\t<p class=\"elementor-heading-title elementor-size-default\">Esta campa\u00f1a publicitaria fue para una de las casas de apuestas m\u00e1s grandes de Ecuador, \"La casa de apuestas para ganar.\" Como Director de Arte, fui responsable de desarrollar el concepto gr\u00e1fico y definir todos los elementos que lo acompa\u00f1an: tipograf\u00edas, paleta de colores, logotipos, iconograf\u00edas y m\u00e1s, todo bajo la direcci\u00f3n creativa de Juli\u00e1n Ot\u00e1lora de Fact Brands Design Agency en Bogot\u00e1, Colombia.<br><br>\n\nAdem\u00e1s, me encargu\u00e9 de organizar y gestionar todos los assets creativos, asegurando que los equipos de dise\u00f1o de la agencia tuvieran todo lo necesario para ejecutar la campa\u00f1a. Desde flyers y vinilos hasta pancartas y avisos publicitarios, cada pieza fue dise\u00f1ada para entregar una experiencia visual cohesiva, impactante y memorable.<br><br>\n\nEste proyecto no se trat\u00f3 solo de crear materiales, sino de convertir la estrategia y la creatividad en una historia visual que conecte, emocione y cautive al p\u00fablico.<br><\/p>\t\t<\/div>\n\t\t\t\t<\/div>\n\t\t\t\t<div class=\"elementor-element elementor-element-45022d9 elementor-widget elementor-widget-image\" data-id=\"45022d9\" data-element_type=\"widget\" data-widget_type=\"image.default\">\n\t\t\t\t<div class=\"elementor-widget-container\">\n\t\t\t\t\t\t\t\t\t\t\t\t\t<img decoding=\"async\" width=\"1024\" height=\"576\" src=\"https:\/\/marocreator.site\/wp-content\/uploads\/2024\/04\/bet_01-1024x576.jpg\" class=\"attachment-large size-large wp-image-287\" alt=\"\" srcset=\"https:\/\/marocreator.site\/wp-content\/uploads\/2024\/04\/bet_01-1024x576.jpg 1024w, https:\/\/marocreator.site\/wp-content\/uploads\/2024\/04\/bet_01-300x169.jpg 300w, https:\/\/marocreator.site\/wp-content\/uploads\/2024\/04\/bet_01-768x432.jpg 768w, https:\/\/marocreator.site\/wp-content\/uploads\/2024\/04\/bet_01.jpg 1080w\" sizes=\"(max-width: 1024px) 100vw, 1024px\" \/>\t\t\t\t\t\t\t\t\t\t\t\t\t<\/div>\n\t\t\t\t<\/div>\n\t\t\t\t<div class=\"elementor-element elementor-element-40a0f8c elementor-widget elementor-widget-image\" data-id=\"40a0f8c\" data-element_type=\"widget\" data-widget_type=\"image.default\">\n\t\t\t\t<div class=\"elementor-widget-container\">\n\t\t\t\t\t\t\t\t\t\t\t\t\t<img loading=\"lazy\" decoding=\"async\" width=\"1024\" height=\"513\" src=\"https:\/\/marocreator.site\/wp-content\/uploads\/2024\/04\/bet_02-1024x513.jpg\" class=\"attachment-large size-large wp-image-288\" alt=\"\" srcset=\"https:\/\/marocreator.site\/wp-content\/uploads\/2024\/04\/bet_02-1024x513.jpg 1024w, https:\/\/marocreator.site\/wp-content\/uploads\/2024\/04\/bet_02-300x150.jpg 300w, https:\/\/marocreator.site\/wp-content\/uploads\/2024\/04\/bet_02-768x385.jpg 768w, https:\/\/marocreator.site\/wp-content\/uploads\/2024\/04\/bet_02.jpg 1080w\" sizes=\"(max-width: 1024px) 100vw, 1024px\" \/>\t\t\t\t\t\t\t\t\t\t\t\t\t<\/div>\n\t\t\t\t<\/div>\n\t\t\t\t<div class=\"elementor-element elementor-element-40df4a8 elementor-widget elementor-widget-image\" data-id=\"40df4a8\" data-element_type=\"widget\" data-widget_type=\"image.default\">\n\t\t\t\t<div class=\"elementor-widget-container\">\n\t\t\t\t\t\t\t\t\t\t\t\t\t<img loading=\"lazy\" decoding=\"async\" width=\"1024\" height=\"787\" src=\"https:\/\/marocreator.site\/wp-content\/uploads\/2024\/04\/bet_03-1024x787.jpg\" class=\"attachment-large size-large wp-image-289\" alt=\"\" srcset=\"https:\/\/marocreator.site\/wp-content\/uploads\/2024\/04\/bet_03-1024x787.jpg 1024w, https:\/\/marocreator.site\/wp-content\/uploads\/2024\/04\/bet_03-300x231.jpg 300w, https:\/\/marocreator.site\/wp-content\/uploads\/2024\/04\/bet_03-768x590.jpg 768w, https:\/\/marocreator.site\/wp-content\/uploads\/2024\/04\/bet_03.jpg 1080w\" sizes=\"(max-width: 1024px) 100vw, 1024px\" \/>\t\t\t\t\t\t\t\t\t\t\t\t\t<\/div>\n\t\t\t\t<\/div>\n\t\t\t\t<div class=\"elementor-element elementor-element-43764e8 elementor-widget elementor-widget-image\" data-id=\"43764e8\" data-element_type=\"widget\" data-widget_type=\"image.default\">\n\t\t\t\t<div class=\"elementor-widget-container\">\n\t\t\t\t\t\t\t\t\t\t\t\t\t<img loading=\"lazy\" decoding=\"async\" width=\"1024\" height=\"768\" src=\"https:\/\/marocreator.site\/wp-content\/uploads\/2024\/04\/bet_04-1024x768.jpg\" class=\"attachment-large size-large wp-image-290\" alt=\"\" srcset=\"https:\/\/marocreator.site\/wp-content\/uploads\/2024\/04\/bet_04-1024x768.jpg 1024w, https:\/\/marocreator.site\/wp-content\/uploads\/2024\/04\/bet_04-300x225.jpg 300w, https:\/\/marocreator.site\/wp-content\/uploads\/2024\/04\/bet_04-768x576.jpg 768w, https:\/\/marocreator.site\/wp-content\/uploads\/2024\/04\/bet_04.jpg 1080w\" sizes=\"(max-width: 1024px) 100vw, 1024px\" \/>\t\t\t\t\t\t\t\t\t\t\t\t\t<\/div>\n\t\t\t\t<\/div>\n\t\t\t\t<\/div>\n\t\t\t\t\t<\/div>\n\t\t\t\t<\/div>\n\t\t<div class=\"elementor-element elementor-element-597c5ae e-flex e-con-boxed e-con e-parent\" data-id=\"597c5ae\" data-element_type=\"container\" data-core-v316-plus=\"true\">\n\t\t\t\t\t<div class=\"e-con-inner\">\n\t\t<div class=\"elementor-element elementor-element-6161b9b e-flex e-con-boxed e-con e-child\" data-id=\"6161b9b\" data-element_type=\"container\">\n\t\t\t\t\t<div class=\"e-con-inner\">\n\t\t<div class=\"elementor-element elementor-element-ace16a5 e-flex e-con-boxed e-con e-child\" data-id=\"ace16a5\" data-element_type=\"container\">\n\t\t\t\t\t<div class=\"e-con-inner\">\n\t\t\t\t<div class=\"elementor-element elementor-element-a8d0f4c elementor-align-center elementor-widget elementor-widget-button\" data-id=\"a8d0f4c\" data-element_type=\"widget\" data-widget_type=\"button.default\">\n\t\t\t\t<div class=\"elementor-widget-container\">\n\t\t\t\t\t<div class=\"elementor-button-wrapper\">\n\t\t\t<a class=\"elementor-button elementor-button-link elementor-size-sm\" href=\"#logotop\">\n\t\t\t\t\t\t<span class=\"elementor-button-content-wrapper\">\n\t\t\t\t\t\t<span class=\"elementor-button-text\">Back to top<\/span>\n\t\t<\/span>\n\t\t\t\t\t<\/a>\n\t\t<\/div>\n\t\t\t\t<\/div>\n\t\t\t\t<\/div>\n\t\t\t\t\t<\/div>\n\t\t\t\t<\/div>\n\t\t\t\t\t<\/div>\n\t\t\t\t<\/div>\n\t\t\t\t\t<\/div>\n\t\t\t\t<\/div>\n\t\t\t\t<\/div>","protected":false},"excerpt":{"rendered":"<p>Contact WORK Sutra Berdes Punto Pan Loyalty Bet593 Video And Audio Aruba Tattoo 3D Design Visso Wood Floor La Arepera [&hellip;]<\/p>","protected":false},"author":1,"featured_media":0,"parent":0,"menu_order":0,"comment_status":"closed","ping_status":"closed","template":"","meta":{"inline_featured_image":false,"site-sidebar-layout":"no-sidebar","site-content-layout":"","ast-site-content-layout":"full-width-container","site-content-style":"default","site-sidebar-style":"default","ast-global-header-display":"","ast-banner-title-visibility":"","ast-main-header-display":"","ast-hfb-above-header-display":"","ast-hfb-below-header-display":"","ast-hfb-mobile-header-display":"","site-post-title":"disabled","ast-breadcrumbs-content":"","ast-featured-img":"disabled","footer-sml-layout":"","theme-transparent-header-meta":"","adv-header-id-meta":"","stick-header-meta":"","header-above-stick-meta":"","header-main-stick-meta":"","header-below-stick-meta":"","astra-migrate-meta-layouts":"default","ast-page-background-enabled":"default","ast-page-background-meta":{"desktop":{"background-color":"var(--ast-global-color-4)","background-image":"","background-repeat":"repeat","background-position":"center center","background-size":"auto","background-attachment":"scroll","background-type":"","background-media":"","overlay-type":"","overlay-color":"","overlay-gradient":""},"tablet":{"background-color":"","background-image":"","background-repeat":"repeat","background-position":"center center","background-size":"auto","background-attachment":"scroll","background-type":"","background-media":"","overlay-type":"","overlay-color":"","overlay-gradient":""},"mobile":{"background-color":"","background-image":"","background-repeat":"repeat","background-position":"center center","background-size":"auto","background-attachment":"scroll","background-type":"","background-media":"","overlay-type":"","overlay-color":"","overlay-gradient":""}},"ast-content-background-meta":{"desktop":{"background-color":"var(--ast-global-color-5)","background-image":"","background-repeat":"repeat","background-position":"center center","background-size":"auto","background-attachment":"scroll","background-type":"","background-media":"","overlay-type":"","overlay-color":"","overlay-gradient":""},"tablet":{"background-color":"var(--ast-global-color-5)","background-image":"","background-repeat":"repeat","background-position":"center center","background-size":"auto","background-attachment":"scroll","background-type":"","background-media":"","overlay-type":"","overlay-color":"","overlay-gradient":""},"mobile":{"background-color":"var(--ast-global-color-5)","background-image":"","background-repeat":"repeat","background-position":"center center","background-size":"auto","background-attachment":"scroll","background-type":"","background-media":"","overlay-type":"","overlay-color":"","overlay-gradient":""}},"footnotes":""},"_links":{"self":[{"href":"https:\/\/marocreator.site\/es\/wp-json\/wp\/v2\/pages\/281"}],"collection":[{"href":"https:\/\/marocreator.site\/es\/wp-json\/wp\/v2\/pages"}],"about":[{"href":"https:\/\/marocreator.site\/es\/wp-json\/wp\/v2\/types\/page"}],"author":[{"embeddable":true,"href":"https:\/\/marocreator.site\/es\/wp-json\/wp\/v2\/users\/1"}],"replies":[{"embeddable":true,"href":"https:\/\/marocreator.site\/es\/wp-json\/wp\/v2\/comments?post=281"}],"version-history":[{"count":46,"href":"https:\/\/marocreator.site\/es\/wp-json\/wp\/v2\/pages\/281\/revisions"}],"predecessor-version":[{"id":1859,"href":"https:\/\/marocreator.site\/es\/wp-json\/wp\/v2\/pages\/281\/revisions\/1859"}],"wp:attachment":[{"href":"https:\/\/marocreator.site\/es\/wp-json\/wp\/v2\/media?parent=281"}],"curies":[{"name":"wp","href":"https:\/\/api.w.org\/{rel}","templated":true}]}}