{"id":383,"date":"2024-04-13T00:43:01","date_gmt":"2024-04-13T00:43:01","guid":{"rendered":"https:\/\/marocreator.site\/?page_id=383"},"modified":"2026-02-03T18:08:26","modified_gmt":"2026-02-03T18:08:26","slug":"la-arepera","status":"publish","type":"page","link":"https:\/\/marocreator.site\/es\/la-arepera\/","title":{"rendered":"La Arepera"},"content":{"rendered":"<div data-elementor-type=\"wp-page\" data-elementor-id=\"383\" class=\"elementor elementor-383\">\n\t\t\t\t<div class=\"elementor-element elementor-element-9af56c4 elementor-hidden-desktop elementor-hidden-tablet e-flex e-con-boxed e-con e-parent\" data-id=\"9af56c4\" data-element_type=\"container\" data-core-v316-plus=\"true\">\n\t\t\t\t\t<div class=\"e-con-inner\">\n\t\t\t\t<div class=\"elementor-element elementor-element-1bfd5e2 elementor-widget elementor-widget-image\" data-id=\"1bfd5e2\" data-element_type=\"widget\" id=\"logotop\" data-widget_type=\"image.default\">\n\t\t\t\t<div class=\"elementor-widget-container\">\n\t\t\t<style>\/*! elementor - v3.20.0 - 10-04-2024 *\/\n.elementor-widget-image{text-align:center}.elementor-widget-image a{display:inline-block}.elementor-widget-image a img[src$=\".svg\"]{width:48px}.elementor-widget-image img{vertical-align:middle;display:inline-block}<\/style>\t\t\t\t\t\t\t\t\t\t\t<a href=\"https:\/\/marocreator.site\/\">\n\t\t\t\t\t\t\t<img fetchpriority=\"high\" decoding=\"async\" width=\"302\" height=\"302\" src=\"https:\/\/marocreator.site\/wp-content\/uploads\/2025\/11\/icon.png\" class=\"attachment-large size-large wp-image-1413\" alt=\"Maro Creator Icon\" srcset=\"https:\/\/marocreator.site\/wp-content\/uploads\/2025\/11\/icon.png 302w, https:\/\/marocreator.site\/wp-content\/uploads\/2025\/11\/icon-300x300.png 300w, https:\/\/marocreator.site\/wp-content\/uploads\/2025\/11\/icon-150x150.png 150w\" sizes=\"(max-width: 302px) 100vw, 302px\" \/>\t\t\t\t\t\t\t\t<\/a>\n\t\t\t\t\t\t\t\t\t\t\t\t\t<\/div>\n\t\t\t\t<\/div>\n\t\t\t\t\t<\/div>\n\t\t\t\t<\/div>\n\t\t<div class=\"elementor-element elementor-element-ae0c1b4 e-flex e-con-boxed e-con e-parent\" data-id=\"ae0c1b4\" data-element_type=\"container\" data-core-v316-plus=\"true\">\n\t\t\t\t\t<div class=\"e-con-inner\">\n\t\t<div class=\"elementor-element elementor-element-db14562 e-con-full elementor-hidden-mobile e-flex e-con e-child\" data-id=\"db14562\" data-element_type=\"container\">\n\t\t<div class=\"elementor-element elementor-element-aab047d e-con-full elementor-hidden-mobile e-flex e-con e-child\" data-id=\"aab047d\" data-element_type=\"container\">\n\t\t<div class=\"elementor-element elementor-element-5f57dbb e-con-full e-flex e-con e-child\" data-id=\"5f57dbb\" data-element_type=\"container\">\n\t\t\t\t<div class=\"elementor-element elementor-element-8990b0f elementor-widget__width-initial elementor-widget elementor-widget-image\" data-id=\"8990b0f\" data-element_type=\"widget\" data-widget_type=\"image.default\">\n\t\t\t\t<div class=\"elementor-widget-container\">\n\t\t\t\t\t\t\t\t\t\t\t\t\t\t<a href=\"https:\/\/marocreator.site\/\">\n\t\t\t\t\t\t\t<img decoding=\"async\" width=\"500\" height=\"274\" src=\"https:\/\/marocreator.site\/wp-content\/uploads\/2025\/11\/LOGO_NUEVO.png\" class=\"attachment-full size-full wp-image-1334\" alt=\"\" srcset=\"https:\/\/marocreator.site\/wp-content\/uploads\/2025\/11\/LOGO_NUEVO.png 500w, https:\/\/marocreator.site\/wp-content\/uploads\/2025\/11\/LOGO_NUEVO-300x164.png 300w\" sizes=\"(max-width: 500px) 100vw, 500px\" \/>\t\t\t\t\t\t\t\t<\/a>\n\t\t\t\t\t\t\t\t\t\t\t\t\t<\/div>\n\t\t\t\t<\/div>\n\t\t\t\t<div class=\"elementor-element elementor-element-4491632 elementor-widget elementor-widget-button\" data-id=\"4491632\" data-element_type=\"widget\" data-widget_type=\"button.default\">\n\t\t\t\t<div class=\"elementor-widget-container\">\n\t\t\t\t\t<div class=\"elementor-button-wrapper\">\n\t\t\t<a class=\"elementor-button elementor-button-link elementor-size-sm\" href=\"https:\/\/marocreator.site\/about\/\">\n\t\t\t\t\t\t<span class=\"elementor-button-content-wrapper\">\n\t\t\t\t\t\t<span class=\"elementor-button-text\">Contacto<\/span>\n\t\t<\/span>\n\t\t\t\t\t<\/a>\n\t\t<\/div>\n\t\t\t\t<\/div>\n\t\t\t\t<\/div>\n\t\t\t\t<div class=\"elementor-element elementor-element-402f3f1 elementor-widget elementor-widget-heading\" data-id=\"402f3f1\" data-element_type=\"widget\" data-widget_type=\"heading.default\">\n\t\t\t\t<div class=\"elementor-widget-container\">\n\t\t\t<style>\/*! elementor - v3.20.0 - 10-04-2024 *\/\n.elementor-heading-title{padding:0;margin:0;line-height:1}.elementor-widget-heading .elementor-heading-title[class*=elementor-size-]>a{color:inherit;font-size:inherit;line-height:inherit}.elementor-widget-heading .elementor-heading-title.elementor-size-small{font-size:15px}.elementor-widget-heading .elementor-heading-title.elementor-size-medium{font-size:19px}.elementor-widget-heading .elementor-heading-title.elementor-size-large{font-size:29px}.elementor-widget-heading .elementor-heading-title.elementor-size-xl{font-size:39px}.elementor-widget-heading .elementor-heading-title.elementor-size-xxl{font-size:59px}<\/style><h2 class=\"elementor-heading-title elementor-size-default\"><a href=\"https:\/\/marocreator.site\/\">WORK<\/a><\/h2>\t\t<\/div>\n\t\t\t\t<\/div>\n\t\t\t\t<div class=\"elementor-element elementor-element-4811cc9 elementor-widget elementor-widget-heading\" data-id=\"4811cc9\" data-element_type=\"widget\" data-widget_type=\"heading.default\">\n\t\t\t\t<div class=\"elementor-widget-container\">\n\t\t\t<h2 class=\"elementor-heading-title elementor-size-default\"><a href=\"http:\/\/marocreator.site\/sutra\/\">Sutra<\/a><\/h2>\t\t<\/div>\n\t\t\t\t<\/div>\n\t\t\t\t<div class=\"elementor-element elementor-element-9690b53 elementor-widget elementor-widget-heading\" data-id=\"9690b53\" data-element_type=\"widget\" data-widget_type=\"heading.default\">\n\t\t\t\t<div class=\"elementor-widget-container\">\n\t\t\t<h2 class=\"elementor-heading-title elementor-size-default\"><a href=\"http:\/\/marocreator.site\/berdes\/\">Berdes<\/a><\/h2>\t\t<\/div>\n\t\t\t\t<\/div>\n\t\t\t\t<div class=\"elementor-element elementor-element-e58aa07 elementor-widget elementor-widget-heading\" data-id=\"e58aa07\" data-element_type=\"widget\" data-widget_type=\"heading.default\">\n\t\t\t\t<div class=\"elementor-widget-container\">\n\t\t\t<h2 class=\"elementor-heading-title elementor-size-default\"><a href=\"http:\/\/marocreator.site\/punto-pan\/\">Punto Pan<\/a><\/h2>\t\t<\/div>\n\t\t\t\t<\/div>\n\t\t\t\t<div class=\"elementor-element elementor-element-ee0e733 elementor-widget elementor-widget-heading\" data-id=\"ee0e733\" data-element_type=\"widget\" data-widget_type=\"heading.default\">\n\t\t\t\t<div class=\"elementor-widget-container\">\n\t\t\t<h2 class=\"elementor-heading-title elementor-size-default\"><a href=\"http:\/\/marocreator.site\/loyalty\/\">Loyalty<\/a><\/h2>\t\t<\/div>\n\t\t\t\t<\/div>\n\t\t\t\t<div class=\"elementor-element elementor-element-61395cd elementor-widget elementor-widget-heading\" data-id=\"61395cd\" data-element_type=\"widget\" data-widget_type=\"heading.default\">\n\t\t\t\t<div class=\"elementor-widget-container\">\n\t\t\t<h2 class=\"elementor-heading-title elementor-size-default\"><a href=\"http:\/\/marocreator.site\/bet593\/\">Bet593<\/a><\/h2>\t\t<\/div>\n\t\t\t\t<\/div>\n\t\t\t\t<div class=\"elementor-element elementor-element-33d08d7 elementor-widget elementor-widget-heading\" data-id=\"33d08d7\" data-element_type=\"widget\" data-widget_type=\"heading.default\">\n\t\t\t\t<div class=\"elementor-widget-container\">\n\t\t\t<h2 class=\"elementor-heading-title elementor-size-default\"><a href=\"http:\/\/marocreator.site\/video-and-audio\">Video And Audio<\/a><\/h2>\t\t<\/div>\n\t\t\t\t<\/div>\n\t\t\t\t<div class=\"elementor-element elementor-element-c25cb32 elementor-widget elementor-widget-heading\" data-id=\"c25cb32\" data-element_type=\"widget\" data-widget_type=\"heading.default\">\n\t\t\t\t<div class=\"elementor-widget-container\">\n\t\t\t<h2 class=\"elementor-heading-title elementor-size-default\"><a href=\"http:\/\/marocreator.site\/aruba-tattoo\/\">Aruba Tattoo<\/a><\/h2>\t\t<\/div>\n\t\t\t\t<\/div>\n\t\t\t\t<div class=\"elementor-element elementor-element-26ee95a elementor-widget elementor-widget-heading\" data-id=\"26ee95a\" data-element_type=\"widget\" data-widget_type=\"heading.default\">\n\t\t\t\t<div class=\"elementor-widget-container\">\n\t\t\t<h2 class=\"elementor-heading-title elementor-size-default\"><a href=\"http:\/\/marocreator.site\/3d-works\/\">3D Design<\/a><\/h2>\t\t<\/div>\n\t\t\t\t<\/div>\n\t\t\t\t<div class=\"elementor-element elementor-element-4c9f695 elementor-widget elementor-widget-heading\" data-id=\"4c9f695\" data-element_type=\"widget\" data-widget_type=\"heading.default\">\n\t\t\t\t<div class=\"elementor-widget-container\">\n\t\t\t<h2 class=\"elementor-heading-title elementor-size-default\"><a href=\"http:\/\/marocreator.site\/visso\/\">Visso<\/a><\/h2>\t\t<\/div>\n\t\t\t\t<\/div>\n\t\t\t\t<div class=\"elementor-element elementor-element-f99fbf2 elementor-widget elementor-widget-heading\" data-id=\"f99fbf2\" data-element_type=\"widget\" data-widget_type=\"heading.default\">\n\t\t\t\t<div class=\"elementor-widget-container\">\n\t\t\t<h2 class=\"elementor-heading-title elementor-size-default\"><a href=\"http:\/\/marocreator.site\/wood-floor\/\">Wood Floor<\/a><\/h2>\t\t<\/div>\n\t\t\t\t<\/div>\n\t\t\t\t<div class=\"elementor-element elementor-element-a9bf023 elementor-widget elementor-widget-heading\" data-id=\"a9bf023\" data-element_type=\"widget\" data-widget_type=\"heading.default\">\n\t\t\t\t<div class=\"elementor-widget-container\">\n\t\t\t<h2 class=\"elementor-heading-title elementor-size-default\"><a href=\"http:\/\/marocreator.site\/la-arepera\/\">La Arepera<\/a><\/h2>\t\t<\/div>\n\t\t\t\t<\/div>\n\t\t\t\t<div class=\"elementor-element elementor-element-700c444 elementor-widget elementor-widget-heading\" data-id=\"700c444\" data-element_type=\"widget\" data-widget_type=\"heading.default\">\n\t\t\t\t<div class=\"elementor-widget-container\">\n\t\t\t<h2 class=\"elementor-heading-title elementor-size-default\"><a href=\"http:\/\/marocreator.site\/the-surfer\/\">The Surfer<\/a><\/h2>\t\t<\/div>\n\t\t\t\t<\/div>\n\t\t\t\t<div class=\"elementor-element elementor-element-9ff3528 elementor-widget elementor-widget-heading\" data-id=\"9ff3528\" data-element_type=\"widget\" data-widget_type=\"heading.default\">\n\t\t\t\t<div class=\"elementor-widget-container\">\n\t\t\t<h2 class=\"elementor-heading-title elementor-size-default\"><a href=\"http:\/\/marocreator.site\/valensea\">ValenSea<\/a><\/h2>\t\t<\/div>\n\t\t\t\t<\/div>\n\t\t<div class=\"elementor-element elementor-element-75abe73 e-grid e-con-boxed e-con e-child\" data-id=\"75abe73\" data-element_type=\"container\">\n\t\t\t\t\t<div class=\"e-con-inner\">\n\t\t\t\t<div class=\"elementor-element elementor-element-f1ede03 elementor-view-default elementor-widget elementor-widget-icon\" data-id=\"f1ede03\" data-element_type=\"widget\" data-widget_type=\"icon.default\">\n\t\t\t\t<div class=\"elementor-widget-container\">\n\t\t\t\t\t<div class=\"elementor-icon-wrapper\">\n\t\t\t<a class=\"elementor-icon\" href=\"https:\/\/www.instagram.com\/marocreator\">\n\t\t\t<svg aria-hidden=\"true\" class=\"e-font-icon-svg e-fab-instagram\" viewbox=\"0 0 448 512\" xmlns=\"http:\/\/www.w3.org\/2000\/svg\"><path d=\"M224.1 141c-63.6 0-114.9 51.3-114.9 114.9s51.3 114.9 114.9 114.9S339 319.5 339 255.9 287.7 141 224.1 141zm0 189.6c-41.1 0-74.7-33.5-74.7-74.7s33.5-74.7 74.7-74.7 74.7 33.5 74.7 74.7-33.6 74.7-74.7 74.7zm146.4-194.3c0 14.9-12 26.8-26.8 26.8-14.9 0-26.8-12-26.8-26.8s12-26.8 26.8-26.8 26.8 12 26.8 26.8zm76.1 27.2c-1.7-35.9-9.9-67.7-36.2-93.9-26.2-26.2-58-34.4-93.9-36.2-37-2.1-147.9-2.1-184.9 0-35.8 1.7-67.6 9.9-93.9 36.1s-34.4 58-36.2 93.9c-2.1 37-2.1 147.9 0 184.9 1.7 35.9 9.9 67.7 36.2 93.9s58 34.4 93.9 36.2c37 2.1 147.9 2.1 184.9 0 35.9-1.7 67.7-9.9 93.9-36.2 26.2-26.2 34.4-58 36.2-93.9 2.1-37 2.1-147.8 0-184.8zM398.8 388c-7.8 19.6-22.9 34.7-42.6 42.6-29.5 11.7-99.5 9-132.1 9s-102.7 2.6-132.1-9c-19.6-7.8-34.7-22.9-42.6-42.6-11.7-29.5-9-99.5-9-132.1s-2.6-102.7 9-132.1c7.8-19.6 22.9-34.7 42.6-42.6 29.5-11.7 99.5-9 132.1-9s102.7-2.6 132.1 9c19.6 7.8 34.7 22.9 42.6 42.6 11.7 29.5 9 99.5 9 132.1s2.7 102.7-9 132.1z\"><\/path><\/svg>\t\t\t<\/a>\n\t\t<\/div>\n\t\t\t\t<\/div>\n\t\t\t\t<\/div>\n\t\t\t\t<div class=\"elementor-element elementor-element-d51058a elementor-view-default elementor-widget elementor-widget-icon\" data-id=\"d51058a\" data-element_type=\"widget\" data-widget_type=\"icon.default\">\n\t\t\t\t<div class=\"elementor-widget-container\">\n\t\t\t\t\t<div class=\"elementor-icon-wrapper\">\n\t\t\t<a class=\"elementor-icon\" href=\"https:\/\/www.tiktok.com\/@maro.creator?_r=1&#038;_t=ZP-91F24v5ClIs\">\n\t\t\t<svg aria-hidden=\"true\" class=\"e-font-icon-svg e-fab-tiktok\" viewbox=\"0 0 448 512\" xmlns=\"http:\/\/www.w3.org\/2000\/svg\"><path d=\"M448,209.91a210.06,210.06,0,0,1-122.77-39.25V349.38A162.55,162.55,0,1,1,185,188.31V278.2a74.62,74.62,0,1,0,52.23,71.18V0l88,0a121.18,121.18,0,0,0,1.86,22.17h0A122.18,122.18,0,0,0,381,102.39a121.43,121.43,0,0,0,67,20.14Z\"><\/path><\/svg>\t\t\t<\/a>\n\t\t<\/div>\n\t\t\t\t<\/div>\n\t\t\t\t<\/div>\n\t\t\t\t\t<\/div>\n\t\t\t\t<\/div>\n\t\t\t\t<\/div>\n\t\t\t\t<\/div>\n\t\t\t\t<\/div>\n\t\t<div class=\"elementor-element elementor-element-59a46b2 e-con-full e-flex e-con e-child\" data-id=\"59a46b2\" data-element_type=\"container\">\n\t\t\t\t<div class=\"elementor-element elementor-element-ac78bd3 elementor-widget elementor-widget-heading\" data-id=\"ac78bd3\" data-element_type=\"widget\" data-widget_type=\"heading.default\">\n\t\t\t\t<div class=\"elementor-widget-container\">\n\t\t\t<h1 class=\"elementor-heading-title elementor-size-default\">La Arepera \u2013 Visual Identity<\/h1>\t\t<\/div>\n\t\t\t\t<\/div>\n\t\t\t\t<div class=\"elementor-element elementor-element-f301b00 elementor-widget elementor-widget-heading\" data-id=\"f301b00\" data-element_type=\"widget\" data-widget_type=\"heading.default\">\n\t\t\t\t<div class=\"elementor-widget-container\">\n\t\t\t<p class=\"elementor-heading-title elementor-size-default\">En este proyecto tuve la oportunidad de desarrollar la identidad visual completa de La Arepera, un restaurante de comida t\u00edpica venezolana en Bogot\u00e1, Colombia. El cliente ya contaba con su misi\u00f3n, objetivos y estrategia de marca claramente definidos, as\u00ed que mi reto fue darles vida a esas ideas de forma gr\u00e1fica, transformando la estrategia en una identidad tangible y atractiva.<br><br>\n\nPara lograrlo, interpret\u00e9 la informaci\u00f3n existente y defin\u00ed todos los elementos que componen la marca: paleta de colores, tipograf\u00edas, logos, iconograf\u00edas y recursos visuales, asegurando que cada decisi\u00f3n reforzara la esencia de la marca y su propuesta de valor. Luego, esta identidad se aplic\u00f3 de manera coherente en materiales de marketing y publicidad, men\u00fas, contenidos para redes sociales y m\u00e1s, creando una experiencia de marca consistente y memorable para los clientes.<br><br>\n\nEl resultado es una identidad visual cohesiva, aut\u00e9ntica y estrat\u00e9gica, capaz de conectar con el p\u00fablico, destacar en el mercado y reflejar la personalidad y tradici\u00f3n de la gastronom\u00eda venezolana a trav\u00e9s del dise\u00f1o.<\/p>\t\t<\/div>\n\t\t\t\t<\/div>\n\t\t\t\t<div class=\"elementor-element elementor-element-99a6798 elementor-widget elementor-widget-image\" data-id=\"99a6798\" data-element_type=\"widget\" data-widget_type=\"image.default\">\n\t\t\t\t<div class=\"elementor-widget-container\">\n\t\t\t\t\t\t\t\t\t\t\t\t\t<img decoding=\"async\" width=\"1024\" height=\"590\" src=\"https:\/\/marocreator.site\/wp-content\/uploads\/2024\/04\/LA_01-1024x590.jpg\" class=\"attachment-large size-large wp-image-386\" alt=\"\" srcset=\"https:\/\/marocreator.site\/wp-content\/uploads\/2024\/04\/LA_01-1024x590.jpg 1024w, https:\/\/marocreator.site\/wp-content\/uploads\/2024\/04\/LA_01-300x173.jpg 300w, https:\/\/marocreator.site\/wp-content\/uploads\/2024\/04\/LA_01-768x442.jpg 768w, https:\/\/marocreator.site\/wp-content\/uploads\/2024\/04\/LA_01.jpg 1080w\" sizes=\"(max-width: 1024px) 100vw, 1024px\" \/>\t\t\t\t\t\t\t\t\t\t\t\t\t<\/div>\n\t\t\t\t<\/div>\n\t\t\t\t<div class=\"elementor-element elementor-element-c92c094 elementor-widget elementor-widget-image\" data-id=\"c92c094\" data-element_type=\"widget\" data-widget_type=\"image.default\">\n\t\t\t\t<div class=\"elementor-widget-container\">\n\t\t\t\t\t\t\t\t\t\t\t\t\t<img loading=\"lazy\" decoding=\"async\" width=\"1024\" height=\"682\" src=\"https:\/\/marocreator.site\/wp-content\/uploads\/2024\/04\/LA_02-1024x682.jpg\" class=\"attachment-large size-large wp-image-387\" alt=\"\" srcset=\"https:\/\/marocreator.site\/wp-content\/uploads\/2024\/04\/LA_02-1024x682.jpg 1024w, https:\/\/marocreator.site\/wp-content\/uploads\/2024\/04\/LA_02-300x200.jpg 300w, https:\/\/marocreator.site\/wp-content\/uploads\/2024\/04\/LA_02-768x511.jpg 768w, https:\/\/marocreator.site\/wp-content\/uploads\/2024\/04\/LA_02.jpg 1080w\" sizes=\"(max-width: 1024px) 100vw, 1024px\" \/>\t\t\t\t\t\t\t\t\t\t\t\t\t<\/div>\n\t\t\t\t<\/div>\n\t\t\t\t<div class=\"elementor-element elementor-element-61f5186 elementor-widget elementor-widget-image\" data-id=\"61f5186\" data-element_type=\"widget\" data-widget_type=\"image.default\">\n\t\t\t\t<div class=\"elementor-widget-container\">\n\t\t\t\t\t\t\t\t\t\t\t\t\t<img loading=\"lazy\" decoding=\"async\" width=\"1024\" height=\"689\" src=\"https:\/\/marocreator.site\/wp-content\/uploads\/2024\/04\/LA_03-1024x689.jpg\" class=\"attachment-large size-large wp-image-388\" alt=\"\" srcset=\"https:\/\/marocreator.site\/wp-content\/uploads\/2024\/04\/LA_03-1024x689.jpg 1024w, https:\/\/marocreator.site\/wp-content\/uploads\/2024\/04\/LA_03-300x202.jpg 300w, https:\/\/marocreator.site\/wp-content\/uploads\/2024\/04\/LA_03-768x517.jpg 768w, https:\/\/marocreator.site\/wp-content\/uploads\/2024\/04\/LA_03.jpg 1080w\" sizes=\"(max-width: 1024px) 100vw, 1024px\" \/>\t\t\t\t\t\t\t\t\t\t\t\t\t<\/div>\n\t\t\t\t<\/div>\n\t\t\t\t<div class=\"elementor-element elementor-element-1667477 elementor-widget elementor-widget-image\" data-id=\"1667477\" data-element_type=\"widget\" data-widget_type=\"image.default\">\n\t\t\t\t<div class=\"elementor-widget-container\">\n\t\t\t\t\t\t\t\t\t\t\t\t\t<img loading=\"lazy\" decoding=\"async\" width=\"1024\" height=\"742\" src=\"https:\/\/marocreator.site\/wp-content\/uploads\/2024\/04\/LA_04-1024x742.jpg\" class=\"attachment-large size-large wp-image-389\" alt=\"\" srcset=\"https:\/\/marocreator.site\/wp-content\/uploads\/2024\/04\/LA_04-1024x742.jpg 1024w, https:\/\/marocreator.site\/wp-content\/uploads\/2024\/04\/LA_04-300x218.jpg 300w, https:\/\/marocreator.site\/wp-content\/uploads\/2024\/04\/LA_04-768x557.jpg 768w, https:\/\/marocreator.site\/wp-content\/uploads\/2024\/04\/LA_04.jpg 1080w\" sizes=\"(max-width: 1024px) 100vw, 1024px\" \/>\t\t\t\t\t\t\t\t\t\t\t\t\t<\/div>\n\t\t\t\t<\/div>\n\t\t\t\t<div class=\"elementor-element elementor-element-754bba0 elementor-widget elementor-widget-image\" data-id=\"754bba0\" data-element_type=\"widget\" data-widget_type=\"image.default\">\n\t\t\t\t<div class=\"elementor-widget-container\">\n\t\t\t\t\t\t\t\t\t\t\t\t\t<img loading=\"lazy\" decoding=\"async\" width=\"1080\" height=\"720\" src=\"https:\/\/marocreator.site\/wp-content\/uploads\/2024\/04\/LA_05.jpg\" class=\"attachment-full size-full wp-image-385\" alt=\"\" srcset=\"https:\/\/marocreator.site\/wp-content\/uploads\/2024\/04\/LA_05.jpg 1080w, https:\/\/marocreator.site\/wp-content\/uploads\/2024\/04\/LA_05-300x200.jpg 300w, https:\/\/marocreator.site\/wp-content\/uploads\/2024\/04\/LA_05-1024x683.jpg 1024w, https:\/\/marocreator.site\/wp-content\/uploads\/2024\/04\/LA_05-768x512.jpg 768w\" sizes=\"(max-width: 1080px) 100vw, 1080px\" \/>\t\t\t\t\t\t\t\t\t\t\t\t\t<\/div>\n\t\t\t\t<\/div>\n\t\t\t\t<\/div>\n\t\t\t\t\t<\/div>\n\t\t\t\t<\/div>\n\t\t<div class=\"elementor-element elementor-element-384de9c e-flex e-con-boxed e-con e-parent\" data-id=\"384de9c\" data-element_type=\"container\" data-core-v316-plus=\"true\">\n\t\t\t\t\t<div class=\"e-con-inner\">\n\t\t<div class=\"elementor-element elementor-element-ea1eec5 e-flex e-con-boxed e-con e-child\" data-id=\"ea1eec5\" data-element_type=\"container\">\n\t\t\t\t\t<div class=\"e-con-inner\">\n\t\t<div class=\"elementor-element elementor-element-d6a0978 e-flex e-con-boxed e-con e-child\" data-id=\"d6a0978\" data-element_type=\"container\">\n\t\t\t\t\t<div class=\"e-con-inner\">\n\t\t\t\t<div class=\"elementor-element elementor-element-c2b28df elementor-align-center elementor-widget elementor-widget-button\" data-id=\"c2b28df\" data-element_type=\"widget\" data-widget_type=\"button.default\">\n\t\t\t\t<div class=\"elementor-widget-container\">\n\t\t\t\t\t<div class=\"elementor-button-wrapper\">\n\t\t\t<a class=\"elementor-button elementor-button-link elementor-size-sm\" href=\"#logotop\">\n\t\t\t\t\t\t<span class=\"elementor-button-content-wrapper\">\n\t\t\t\t\t\t<span class=\"elementor-button-text\">Back to top<\/span>\n\t\t<\/span>\n\t\t\t\t\t<\/a>\n\t\t<\/div>\n\t\t\t\t<\/div>\n\t\t\t\t<\/div>\n\t\t\t\t\t<\/div>\n\t\t\t\t<\/div>\n\t\t\t\t\t<\/div>\n\t\t\t\t<\/div>\n\t\t\t\t\t<\/div>\n\t\t\t\t<\/div>\n\t\t\t\t<\/div>","protected":false},"excerpt":{"rendered":"<p>Contact WORK Sutra Berdes Punto Pan Loyalty Bet593 Video And Audio Aruba Tattoo 3D Design Visso Wood Floor La Arepera [&hellip;]<\/p>","protected":false},"author":1,"featured_media":0,"parent":0,"menu_order":0,"comment_status":"closed","ping_status":"closed","template":"","meta":{"inline_featured_image":false,"site-sidebar-layout":"no-sidebar","site-content-layout":"","ast-site-content-layout":"full-width-container","site-content-style":"default","site-sidebar-style":"default","ast-global-header-display":"","ast-banner-title-visibility":"","ast-main-header-display":"","ast-hfb-above-header-display":"","ast-hfb-below-header-display":"","ast-hfb-mobile-header-display":"","site-post-title":"disabled","ast-breadcrumbs-content":"","ast-featured-img":"disabled","footer-sml-layout":"","theme-transparent-header-meta":"","adv-header-id-meta":"","stick-header-meta":"","header-above-stick-meta":"","header-main-stick-meta":"","header-below-stick-meta":"","astra-migrate-meta-layouts":"default","ast-page-background-enabled":"default","ast-page-background-meta":{"desktop":{"background-color":"var(--ast-global-color-4)","background-image":"","background-repeat":"repeat","background-position":"center center","background-size":"auto","background-attachment":"scroll","background-type":"","background-media":"","overlay-type":"","overlay-color":"","overlay-gradient":""},"tablet":{"background-color":"","background-image":"","background-repeat":"repeat","background-position":"center center","background-size":"auto","background-attachment":"scroll","background-type":"","background-media":"","overlay-type":"","overlay-color":"","overlay-gradient":""},"mobile":{"background-color":"","background-image":"","background-repeat":"repeat","background-position":"center center","background-size":"auto","background-attachment":"scroll","background-type":"","background-media":"","overlay-type":"","overlay-color":"","overlay-gradient":""}},"ast-content-background-meta":{"desktop":{"background-color":"var(--ast-global-color-5)","background-image":"","background-repeat":"repeat","background-position":"center center","background-size":"auto","background-attachment":"scroll","background-type":"","background-media":"","overlay-type":"","overlay-color":"","overlay-gradient":""},"tablet":{"background-color":"var(--ast-global-color-5)","background-image":"","background-repeat":"repeat","background-position":"center center","background-size":"auto","background-attachment":"scroll","background-type":"","background-media":"","overlay-type":"","overlay-color":"","overlay-gradient":""},"mobile":{"background-color":"var(--ast-global-color-5)","background-image":"","background-repeat":"repeat","background-position":"center center","background-size":"auto","background-attachment":"scroll","background-type":"","background-media":"","overlay-type":"","overlay-color":"","overlay-gradient":""}},"footnotes":""},"_links":{"self":[{"href":"https:\/\/marocreator.site\/es\/wp-json\/wp\/v2\/pages\/383"}],"collection":[{"href":"https:\/\/marocreator.site\/es\/wp-json\/wp\/v2\/pages"}],"about":[{"href":"https:\/\/marocreator.site\/es\/wp-json\/wp\/v2\/types\/page"}],"author":[{"embeddable":true,"href":"https:\/\/marocreator.site\/es\/wp-json\/wp\/v2\/users\/1"}],"replies":[{"embeddable":true,"href":"https:\/\/marocreator.site\/es\/wp-json\/wp\/v2\/comments?post=383"}],"version-history":[{"count":46,"href":"https:\/\/marocreator.site\/es\/wp-json\/wp\/v2\/pages\/383\/revisions"}],"predecessor-version":[{"id":1871,"href":"https:\/\/marocreator.site\/es\/wp-json\/wp\/v2\/pages\/383\/revisions\/1871"}],"wp:attachment":[{"href":"https:\/\/marocreator.site\/es\/wp-json\/wp\/v2\/media?parent=383"}],"curies":[{"name":"wp","href":"https:\/\/api.w.org\/{rel}","templated":true}]}}