{"id":435,"date":"2024-04-13T00:57:10","date_gmt":"2024-04-13T00:57:10","guid":{"rendered":"https:\/\/marocreator.site\/?page_id=435"},"modified":"2026-02-03T18:33:42","modified_gmt":"2026-02-03T18:33:42","slug":"valensea","status":"publish","type":"page","link":"https:\/\/marocreator.site\/es\/valensea\/","title":{"rendered":"Valensea"},"content":{"rendered":"<div data-elementor-type=\"wp-page\" data-elementor-id=\"435\" class=\"elementor elementor-435\">\n\t\t\t\t<div class=\"elementor-element elementor-element-b825b63 elementor-hidden-desktop elementor-hidden-tablet e-flex e-con-boxed e-con e-parent\" data-id=\"b825b63\" data-element_type=\"container\" data-core-v316-plus=\"true\">\n\t\t\t\t\t<div class=\"e-con-inner\">\n\t\t\t\t<div class=\"elementor-element elementor-element-3402e60 elementor-widget elementor-widget-image\" data-id=\"3402e60\" data-element_type=\"widget\" id=\"logotop\" data-widget_type=\"image.default\">\n\t\t\t\t<div class=\"elementor-widget-container\">\n\t\t\t<style>\/*! elementor - v3.20.0 - 10-04-2024 *\/\n.elementor-widget-image{text-align:center}.elementor-widget-image a{display:inline-block}.elementor-widget-image a img[src$=\".svg\"]{width:48px}.elementor-widget-image img{vertical-align:middle;display:inline-block}<\/style>\t\t\t\t\t\t\t\t\t\t\t<a href=\"https:\/\/marocreator.site\/\">\n\t\t\t\t\t\t\t<img fetchpriority=\"high\" decoding=\"async\" width=\"302\" height=\"302\" src=\"https:\/\/marocreator.site\/wp-content\/uploads\/2025\/11\/icon.png\" class=\"attachment-large size-large wp-image-1413\" alt=\"Maro Creator Icon\" srcset=\"https:\/\/marocreator.site\/wp-content\/uploads\/2025\/11\/icon.png 302w, https:\/\/marocreator.site\/wp-content\/uploads\/2025\/11\/icon-300x300.png 300w, https:\/\/marocreator.site\/wp-content\/uploads\/2025\/11\/icon-150x150.png 150w\" sizes=\"(max-width: 302px) 100vw, 302px\" \/>\t\t\t\t\t\t\t\t<\/a>\n\t\t\t\t\t\t\t\t\t\t\t\t\t<\/div>\n\t\t\t\t<\/div>\n\t\t\t\t\t<\/div>\n\t\t\t\t<\/div>\n\t\t<div class=\"elementor-element elementor-element-3c36519 e-flex e-con-boxed e-con e-parent\" data-id=\"3c36519\" data-element_type=\"container\" data-core-v316-plus=\"true\">\n\t\t\t\t\t<div class=\"e-con-inner\">\n\t\t<div class=\"elementor-element elementor-element-d9960b5 e-con-full elementor-hidden-mobile e-flex e-con e-child\" data-id=\"d9960b5\" data-element_type=\"container\">\n\t\t<div class=\"elementor-element elementor-element-e196a59 e-con-full elementor-hidden-mobile e-flex e-con e-child\" data-id=\"e196a59\" data-element_type=\"container\">\n\t\t<div class=\"elementor-element elementor-element-3fb44c2 e-con-full e-flex e-con e-child\" data-id=\"3fb44c2\" data-element_type=\"container\">\n\t\t\t\t<div class=\"elementor-element elementor-element-cee3dc2 elementor-widget__width-initial elementor-widget elementor-widget-image\" data-id=\"cee3dc2\" data-element_type=\"widget\" data-widget_type=\"image.default\">\n\t\t\t\t<div class=\"elementor-widget-container\">\n\t\t\t\t\t\t\t\t\t\t\t\t\t\t<a href=\"https:\/\/marocreator.site\/\">\n\t\t\t\t\t\t\t<img decoding=\"async\" width=\"500\" height=\"274\" src=\"https:\/\/marocreator.site\/wp-content\/uploads\/2025\/11\/LOGO_NUEVO.png\" class=\"attachment-full size-full wp-image-1334\" alt=\"\" srcset=\"https:\/\/marocreator.site\/wp-content\/uploads\/2025\/11\/LOGO_NUEVO.png 500w, https:\/\/marocreator.site\/wp-content\/uploads\/2025\/11\/LOGO_NUEVO-300x164.png 300w\" sizes=\"(max-width: 500px) 100vw, 500px\" \/>\t\t\t\t\t\t\t\t<\/a>\n\t\t\t\t\t\t\t\t\t\t\t\t\t<\/div>\n\t\t\t\t<\/div>\n\t\t\t\t<div class=\"elementor-element elementor-element-7c327d1 elementor-widget elementor-widget-button\" data-id=\"7c327d1\" data-element_type=\"widget\" data-widget_type=\"button.default\">\n\t\t\t\t<div class=\"elementor-widget-container\">\n\t\t\t\t\t<div class=\"elementor-button-wrapper\">\n\t\t\t<a class=\"elementor-button elementor-button-link elementor-size-sm\" href=\"https:\/\/marocreator.site\/about\/\">\n\t\t\t\t\t\t<span class=\"elementor-button-content-wrapper\">\n\t\t\t\t\t\t<span class=\"elementor-button-text\">Contacto<\/span>\n\t\t<\/span>\n\t\t\t\t\t<\/a>\n\t\t<\/div>\n\t\t\t\t<\/div>\n\t\t\t\t<\/div>\n\t\t\t\t<div class=\"elementor-element elementor-element-51512bc elementor-widget elementor-widget-heading\" data-id=\"51512bc\" data-element_type=\"widget\" data-widget_type=\"heading.default\">\n\t\t\t\t<div class=\"elementor-widget-container\">\n\t\t\t<style>\/*! elementor - v3.20.0 - 10-04-2024 *\/\n.elementor-heading-title{padding:0;margin:0;line-height:1}.elementor-widget-heading .elementor-heading-title[class*=elementor-size-]>a{color:inherit;font-size:inherit;line-height:inherit}.elementor-widget-heading .elementor-heading-title.elementor-size-small{font-size:15px}.elementor-widget-heading .elementor-heading-title.elementor-size-medium{font-size:19px}.elementor-widget-heading .elementor-heading-title.elementor-size-large{font-size:29px}.elementor-widget-heading .elementor-heading-title.elementor-size-xl{font-size:39px}.elementor-widget-heading .elementor-heading-title.elementor-size-xxl{font-size:59px}<\/style><h2 class=\"elementor-heading-title elementor-size-default\"><a href=\"https:\/\/marocreator.site\/\">WORK<\/a><\/h2>\t\t<\/div>\n\t\t\t\t<\/div>\n\t\t\t\t<div class=\"elementor-element elementor-element-afa3fd0 elementor-widget elementor-widget-heading\" data-id=\"afa3fd0\" data-element_type=\"widget\" data-widget_type=\"heading.default\">\n\t\t\t\t<div class=\"elementor-widget-container\">\n\t\t\t<h2 class=\"elementor-heading-title elementor-size-default\"><a href=\"http:\/\/marocreator.site\/sutra\/\">Sutra<\/a><\/h2>\t\t<\/div>\n\t\t\t\t<\/div>\n\t\t\t\t<div class=\"elementor-element elementor-element-9a2a1cc elementor-widget elementor-widget-heading\" data-id=\"9a2a1cc\" data-element_type=\"widget\" data-widget_type=\"heading.default\">\n\t\t\t\t<div class=\"elementor-widget-container\">\n\t\t\t<h2 class=\"elementor-heading-title elementor-size-default\"><a href=\"http:\/\/marocreator.site\/berdes\/\">Berdes<\/a><\/h2>\t\t<\/div>\n\t\t\t\t<\/div>\n\t\t\t\t<div class=\"elementor-element elementor-element-b4c87b0 elementor-widget elementor-widget-heading\" data-id=\"b4c87b0\" data-element_type=\"widget\" data-widget_type=\"heading.default\">\n\t\t\t\t<div class=\"elementor-widget-container\">\n\t\t\t<h2 class=\"elementor-heading-title elementor-size-default\"><a href=\"http:\/\/marocreator.site\/punto-pan\/\">Punto Pan<\/a><\/h2>\t\t<\/div>\n\t\t\t\t<\/div>\n\t\t\t\t<div class=\"elementor-element elementor-element-88f56f4 elementor-widget elementor-widget-heading\" data-id=\"88f56f4\" data-element_type=\"widget\" data-widget_type=\"heading.default\">\n\t\t\t\t<div class=\"elementor-widget-container\">\n\t\t\t<h2 class=\"elementor-heading-title elementor-size-default\"><a href=\"http:\/\/marocreator.site\/loyalty\/\">Loyalty<\/a><\/h2>\t\t<\/div>\n\t\t\t\t<\/div>\n\t\t\t\t<div class=\"elementor-element elementor-element-48b7e4e elementor-widget elementor-widget-heading\" data-id=\"48b7e4e\" data-element_type=\"widget\" data-widget_type=\"heading.default\">\n\t\t\t\t<div class=\"elementor-widget-container\">\n\t\t\t<h2 class=\"elementor-heading-title elementor-size-default\"><a href=\"http:\/\/marocreator.site\/bet593\/\">Bet593<\/a><\/h2>\t\t<\/div>\n\t\t\t\t<\/div>\n\t\t\t\t<div class=\"elementor-element elementor-element-299303d elementor-widget elementor-widget-heading\" data-id=\"299303d\" data-element_type=\"widget\" data-widget_type=\"heading.default\">\n\t\t\t\t<div class=\"elementor-widget-container\">\n\t\t\t<h2 class=\"elementor-heading-title elementor-size-default\"><a href=\"http:\/\/marocreator.site\/video-and-audio\">Video And Audio<\/a><\/h2>\t\t<\/div>\n\t\t\t\t<\/div>\n\t\t\t\t<div class=\"elementor-element elementor-element-b50199a elementor-widget elementor-widget-heading\" data-id=\"b50199a\" data-element_type=\"widget\" data-widget_type=\"heading.default\">\n\t\t\t\t<div class=\"elementor-widget-container\">\n\t\t\t<h2 class=\"elementor-heading-title elementor-size-default\"><a href=\"http:\/\/marocreator.site\/aruba-tattoo\/\">Aruba Tattoo<\/a><\/h2>\t\t<\/div>\n\t\t\t\t<\/div>\n\t\t\t\t<div class=\"elementor-element elementor-element-d60a869 elementor-widget elementor-widget-heading\" data-id=\"d60a869\" data-element_type=\"widget\" data-widget_type=\"heading.default\">\n\t\t\t\t<div class=\"elementor-widget-container\">\n\t\t\t<h2 class=\"elementor-heading-title elementor-size-default\"><a href=\"http:\/\/marocreator.site\/3d-works\/\">3D Design<\/a><\/h2>\t\t<\/div>\n\t\t\t\t<\/div>\n\t\t\t\t<div class=\"elementor-element elementor-element-a114018 elementor-widget elementor-widget-heading\" data-id=\"a114018\" data-element_type=\"widget\" data-widget_type=\"heading.default\">\n\t\t\t\t<div class=\"elementor-widget-container\">\n\t\t\t<h2 class=\"elementor-heading-title elementor-size-default\"><a href=\"http:\/\/marocreator.site\/visso\/\">Visso<\/a><\/h2>\t\t<\/div>\n\t\t\t\t<\/div>\n\t\t\t\t<div class=\"elementor-element elementor-element-3732ac8 elementor-widget elementor-widget-heading\" data-id=\"3732ac8\" data-element_type=\"widget\" data-widget_type=\"heading.default\">\n\t\t\t\t<div class=\"elementor-widget-container\">\n\t\t\t<h2 class=\"elementor-heading-title elementor-size-default\"><a href=\"http:\/\/marocreator.site\/wood-floor\/\">Wood Floor<\/a><\/h2>\t\t<\/div>\n\t\t\t\t<\/div>\n\t\t\t\t<div class=\"elementor-element elementor-element-97fa8a0 elementor-widget elementor-widget-heading\" data-id=\"97fa8a0\" data-element_type=\"widget\" data-widget_type=\"heading.default\">\n\t\t\t\t<div class=\"elementor-widget-container\">\n\t\t\t<h2 class=\"elementor-heading-title elementor-size-default\"><a href=\"http:\/\/marocreator.site\/la-arepera\/\">La Arepera<\/a><\/h2>\t\t<\/div>\n\t\t\t\t<\/div>\n\t\t\t\t<div class=\"elementor-element elementor-element-32d06b2 elementor-widget elementor-widget-heading\" data-id=\"32d06b2\" data-element_type=\"widget\" data-widget_type=\"heading.default\">\n\t\t\t\t<div class=\"elementor-widget-container\">\n\t\t\t<h2 class=\"elementor-heading-title elementor-size-default\"><a href=\"http:\/\/marocreator.site\/the-surfer\/\">The Surfer<\/a><\/h2>\t\t<\/div>\n\t\t\t\t<\/div>\n\t\t\t\t<div class=\"elementor-element elementor-element-fb45e0b elementor-widget elementor-widget-heading\" data-id=\"fb45e0b\" data-element_type=\"widget\" data-widget_type=\"heading.default\">\n\t\t\t\t<div class=\"elementor-widget-container\">\n\t\t\t<h2 class=\"elementor-heading-title elementor-size-default\"><a href=\"http:\/\/marocreator.site\/valensea\">ValenSea<\/a><\/h2>\t\t<\/div>\n\t\t\t\t<\/div>\n\t\t<div class=\"elementor-element elementor-element-9f6106a e-grid e-con-boxed e-con e-child\" data-id=\"9f6106a\" data-element_type=\"container\">\n\t\t\t\t\t<div class=\"e-con-inner\">\n\t\t\t\t<div class=\"elementor-element elementor-element-edd1071 elementor-view-default elementor-widget elementor-widget-icon\" data-id=\"edd1071\" data-element_type=\"widget\" data-widget_type=\"icon.default\">\n\t\t\t\t<div class=\"elementor-widget-container\">\n\t\t\t\t\t<div class=\"elementor-icon-wrapper\">\n\t\t\t<a class=\"elementor-icon\" href=\"https:\/\/www.instagram.com\/marocreator\">\n\t\t\t<svg aria-hidden=\"true\" class=\"e-font-icon-svg e-fab-instagram\" viewbox=\"0 0 448 512\" xmlns=\"http:\/\/www.w3.org\/2000\/svg\"><path d=\"M224.1 141c-63.6 0-114.9 51.3-114.9 114.9s51.3 114.9 114.9 114.9S339 319.5 339 255.9 287.7 141 224.1 141zm0 189.6c-41.1 0-74.7-33.5-74.7-74.7s33.5-74.7 74.7-74.7 74.7 33.5 74.7 74.7-33.6 74.7-74.7 74.7zm146.4-194.3c0 14.9-12 26.8-26.8 26.8-14.9 0-26.8-12-26.8-26.8s12-26.8 26.8-26.8 26.8 12 26.8 26.8zm76.1 27.2c-1.7-35.9-9.9-67.7-36.2-93.9-26.2-26.2-58-34.4-93.9-36.2-37-2.1-147.9-2.1-184.9 0-35.8 1.7-67.6 9.9-93.9 36.1s-34.4 58-36.2 93.9c-2.1 37-2.1 147.9 0 184.9 1.7 35.9 9.9 67.7 36.2 93.9s58 34.4 93.9 36.2c37 2.1 147.9 2.1 184.9 0 35.9-1.7 67.7-9.9 93.9-36.2 26.2-26.2 34.4-58 36.2-93.9 2.1-37 2.1-147.8 0-184.8zM398.8 388c-7.8 19.6-22.9 34.7-42.6 42.6-29.5 11.7-99.5 9-132.1 9s-102.7 2.6-132.1-9c-19.6-7.8-34.7-22.9-42.6-42.6-11.7-29.5-9-99.5-9-132.1s-2.6-102.7 9-132.1c7.8-19.6 22.9-34.7 42.6-42.6 29.5-11.7 99.5-9 132.1-9s102.7-2.6 132.1 9c19.6 7.8 34.7 22.9 42.6 42.6 11.7 29.5 9 99.5 9 132.1s2.7 102.7-9 132.1z\"><\/path><\/svg>\t\t\t<\/a>\n\t\t<\/div>\n\t\t\t\t<\/div>\n\t\t\t\t<\/div>\n\t\t\t\t<div class=\"elementor-element elementor-element-bb57559 elementor-view-default elementor-widget elementor-widget-icon\" data-id=\"bb57559\" data-element_type=\"widget\" data-widget_type=\"icon.default\">\n\t\t\t\t<div class=\"elementor-widget-container\">\n\t\t\t\t\t<div class=\"elementor-icon-wrapper\">\n\t\t\t<a class=\"elementor-icon\" href=\"https:\/\/www.tiktok.com\/@maro.creator?_r=1&#038;_t=ZP-91F24v5ClIs\">\n\t\t\t<svg aria-hidden=\"true\" class=\"e-font-icon-svg e-fab-tiktok\" viewbox=\"0 0 448 512\" xmlns=\"http:\/\/www.w3.org\/2000\/svg\"><path d=\"M448,209.91a210.06,210.06,0,0,1-122.77-39.25V349.38A162.55,162.55,0,1,1,185,188.31V278.2a74.62,74.62,0,1,0,52.23,71.18V0l88,0a121.18,121.18,0,0,0,1.86,22.17h0A122.18,122.18,0,0,0,381,102.39a121.43,121.43,0,0,0,67,20.14Z\"><\/path><\/svg>\t\t\t<\/a>\n\t\t<\/div>\n\t\t\t\t<\/div>\n\t\t\t\t<\/div>\n\t\t\t\t\t<\/div>\n\t\t\t\t<\/div>\n\t\t\t\t<\/div>\n\t\t\t\t<\/div>\n\t\t\t\t<\/div>\n\t\t<div class=\"elementor-element elementor-element-43c52b9 e-con-full e-flex e-con e-child\" data-id=\"43c52b9\" data-element_type=\"container\">\n\t\t\t\t<div class=\"elementor-element elementor-element-32d58ce elementor-widget elementor-widget-heading\" data-id=\"32d58ce\" data-element_type=\"widget\" data-widget_type=\"heading.default\">\n\t\t\t\t<div class=\"elementor-widget-container\">\n\t\t\t<h1 class=\"elementor-heading-title elementor-size-default\">Valensea \u2014 Branding &amp; Visual Identity<\/h1>\t\t<\/div>\n\t\t\t\t<\/div>\n\t\t\t\t<div class=\"elementor-element elementor-element-c63cfb6 elementor-widget elementor-widget-heading\" data-id=\"c63cfb6\" data-element_type=\"widget\" data-widget_type=\"heading.default\">\n\t\t\t\t<div class=\"elementor-widget-container\">\n\t\t\t<p class=\"elementor-heading-title elementor-size-default\">Para Valensea, una marca dedicada al alquiler de barcos en el Mediterr\u00e1neo para celebraciones y experiencias \u00fanicas, desarroll\u00e9 un sistema completo de branding e identidad, abarcando todas las etapas desde la estrategia de marca hasta la ejecuci\u00f3n visual.<br><br>\n\nEl proyecto comenz\u00f3 con una fase estrat\u00e9gica, en la que definimos la personalidad de la marca, el p\u00fablico objetivo y el tono de comunicaci\u00f3n, estableciendo qui\u00e9n es la marca, a qui\u00e9n nos dirigimos y c\u00f3mo conectar con ellos emocionalmente. Esta base estrat\u00e9gica gui\u00f3 la fase de dise\u00f1o, asegurando que cada elemento visual\u2014logo, \u00edcono, paleta de colores y recursos gr\u00e1ficos\u2014estuviera alineado con la esencia y los valores de la marca. La paleta de tonos azules, cuidadosamente seleccionada, transmite profesionalismo, serenidad y bienestar, reflejando el n\u00facleo de la marca.<br><br>\n\nSe cre\u00f3 un brand book completo para unificar todas las directrices, permitiendo que la marca se comunique de manera consistente y aut\u00e9ntica en todos los puntos de contacto. El resultado es una identidad cohesionada, vers\u00e1til y emocionalmente atractiva, que captura el esp\u00edritu del mar, posiciona a Valensea como mucho m\u00e1s que un servicio de alquiler de barcos y proporciona una base s\u00f3lida para generar experiencias significativas para su audiencia.<\/p>\t\t<\/div>\n\t\t\t\t<\/div>\n\t\t\t\t<div class=\"elementor-element elementor-element-ca28a27 elementor-widget elementor-widget-image\" data-id=\"ca28a27\" data-element_type=\"widget\" data-widget_type=\"image.default\">\n\t\t\t\t<div class=\"elementor-widget-container\">\n\t\t\t\t\t\t\t\t\t\t\t\t\t<img decoding=\"async\" width=\"1024\" height=\"576\" src=\"https:\/\/marocreator.site\/wp-content\/uploads\/2025\/10\/Branding-01-1-1024x576.jpg\" class=\"attachment-large size-large wp-image-1236\" alt=\"\" srcset=\"https:\/\/marocreator.site\/wp-content\/uploads\/2025\/10\/Branding-01-1-1024x576.jpg 1024w, https:\/\/marocreator.site\/wp-content\/uploads\/2025\/10\/Branding-01-1-300x169.jpg 300w, https:\/\/marocreator.site\/wp-content\/uploads\/2025\/10\/Branding-01-1-768x432.jpg 768w, https:\/\/marocreator.site\/wp-content\/uploads\/2025\/10\/Branding-01-1-1536x864.jpg 1536w, https:\/\/marocreator.site\/wp-content\/uploads\/2025\/10\/Branding-01-1.jpg 1920w\" sizes=\"(max-width: 1024px) 100vw, 1024px\" \/>\t\t\t\t\t\t\t\t\t\t\t\t\t<\/div>\n\t\t\t\t<\/div>\n\t\t\t\t<div class=\"elementor-element elementor-element-423d4a9 elementor-widget elementor-widget-image\" data-id=\"423d4a9\" data-element_type=\"widget\" data-widget_type=\"image.default\">\n\t\t\t\t<div class=\"elementor-widget-container\">\n\t\t\t\t\t\t\t\t\t\t\t\t\t<img loading=\"lazy\" decoding=\"async\" width=\"1024\" height=\"577\" src=\"https:\/\/marocreator.site\/wp-content\/uploads\/2025\/10\/Branding-02-1-1024x577.jpg\" class=\"attachment-large size-large wp-image-1237\" alt=\"\" srcset=\"https:\/\/marocreator.site\/wp-content\/uploads\/2025\/10\/Branding-02-1-1024x577.jpg 1024w, https:\/\/marocreator.site\/wp-content\/uploads\/2025\/10\/Branding-02-1-300x169.jpg 300w, https:\/\/marocreator.site\/wp-content\/uploads\/2025\/10\/Branding-02-1-768x432.jpg 768w, https:\/\/marocreator.site\/wp-content\/uploads\/2025\/10\/Branding-02-1-1536x865.jpg 1536w, https:\/\/marocreator.site\/wp-content\/uploads\/2025\/10\/Branding-02-1.jpg 1920w\" sizes=\"(max-width: 1024px) 100vw, 1024px\" \/>\t\t\t\t\t\t\t\t\t\t\t\t\t<\/div>\n\t\t\t\t<\/div>\n\t\t\t\t<div class=\"elementor-element elementor-element-2a71814 elementor-widget elementor-widget-image\" data-id=\"2a71814\" data-element_type=\"widget\" data-widget_type=\"image.default\">\n\t\t\t\t<div class=\"elementor-widget-container\">\n\t\t\t\t\t\t\t\t\t\t\t\t\t<img loading=\"lazy\" decoding=\"async\" width=\"1012\" height=\"1024\" src=\"https:\/\/marocreator.site\/wp-content\/uploads\/2025\/10\/Branding-03-1-1012x1024.jpg\" class=\"attachment-large size-large wp-image-1238\" alt=\"\" srcset=\"https:\/\/marocreator.site\/wp-content\/uploads\/2025\/10\/Branding-03-1-1012x1024.jpg 1012w, https:\/\/marocreator.site\/wp-content\/uploads\/2025\/10\/Branding-03-1-297x300.jpg 297w, https:\/\/marocreator.site\/wp-content\/uploads\/2025\/10\/Branding-03-1-768x777.jpg 768w, https:\/\/marocreator.site\/wp-content\/uploads\/2025\/10\/Branding-03-1-1519x1536.jpg 1519w, https:\/\/marocreator.site\/wp-content\/uploads\/2025\/10\/Branding-03-1.jpg 1920w\" sizes=\"(max-width: 1012px) 100vw, 1012px\" \/>\t\t\t\t\t\t\t\t\t\t\t\t\t<\/div>\n\t\t\t\t<\/div>\n\t\t\t\t<div class=\"elementor-element elementor-element-11afa0e elementor-widget elementor-widget-image\" data-id=\"11afa0e\" data-element_type=\"widget\" data-widget_type=\"image.default\">\n\t\t\t\t<div class=\"elementor-widget-container\">\n\t\t\t\t\t\t\t\t\t\t\t\t\t<img loading=\"lazy\" decoding=\"async\" width=\"1024\" height=\"466\" src=\"https:\/\/marocreator.site\/wp-content\/uploads\/2025\/10\/Branding-04-1024x466.jpg\" class=\"attachment-large size-large wp-image-1239\" alt=\"\" srcset=\"https:\/\/marocreator.site\/wp-content\/uploads\/2025\/10\/Branding-04-1024x466.jpg 1024w, https:\/\/marocreator.site\/wp-content\/uploads\/2025\/10\/Branding-04-300x137.jpg 300w, https:\/\/marocreator.site\/wp-content\/uploads\/2025\/10\/Branding-04-768x350.jpg 768w, https:\/\/marocreator.site\/wp-content\/uploads\/2025\/10\/Branding-04-1536x699.jpg 1536w, https:\/\/marocreator.site\/wp-content\/uploads\/2025\/10\/Branding-04.jpg 1920w\" sizes=\"(max-width: 1024px) 100vw, 1024px\" \/>\t\t\t\t\t\t\t\t\t\t\t\t\t<\/div>\n\t\t\t\t<\/div>\n\t\t\t\t<div class=\"elementor-element elementor-element-3211a13 elementor-widget elementor-widget-image\" data-id=\"3211a13\" data-element_type=\"widget\" data-widget_type=\"image.default\">\n\t\t\t\t<div class=\"elementor-widget-container\">\n\t\t\t\t\t\t\t\t\t\t\t\t\t<img loading=\"lazy\" decoding=\"async\" width=\"1024\" height=\"467\" src=\"https:\/\/marocreator.site\/wp-content\/uploads\/2025\/10\/Branding-05-1024x467.jpg\" class=\"attachment-large size-large wp-image-1255\" alt=\"\" srcset=\"https:\/\/marocreator.site\/wp-content\/uploads\/2025\/10\/Branding-05-1024x467.jpg 1024w, https:\/\/marocreator.site\/wp-content\/uploads\/2025\/10\/Branding-05-300x137.jpg 300w, https:\/\/marocreator.site\/wp-content\/uploads\/2025\/10\/Branding-05-768x350.jpg 768w, https:\/\/marocreator.site\/wp-content\/uploads\/2025\/10\/Branding-05-1536x700.jpg 1536w, https:\/\/marocreator.site\/wp-content\/uploads\/2025\/10\/Branding-05.jpg 1920w\" sizes=\"(max-width: 1024px) 100vw, 1024px\" \/>\t\t\t\t\t\t\t\t\t\t\t\t\t<\/div>\n\t\t\t\t<\/div>\n\t\t\t\t<\/div>\n\t\t\t\t\t<\/div>\n\t\t\t\t<\/div>\n\t\t<div class=\"elementor-element elementor-element-eb48050 e-flex e-con-boxed e-con e-parent\" data-id=\"eb48050\" data-element_type=\"container\" data-core-v316-plus=\"true\">\n\t\t\t\t\t<div class=\"e-con-inner\">\n\t\t<div class=\"elementor-element elementor-element-771df59 e-flex e-con-boxed e-con e-child\" data-id=\"771df59\" data-element_type=\"container\">\n\t\t\t\t\t<div class=\"e-con-inner\">\n\t\t\t\t\t<\/div>\n\t\t\t\t<\/div>\n\t\t\t\t\t<\/div>\n\t\t\t\t<\/div>\n\t\t<div class=\"elementor-element elementor-element-079f343 e-flex e-con-boxed e-con e-parent\" data-id=\"079f343\" data-element_type=\"container\" data-core-v316-plus=\"true\">\n\t\t\t\t\t<div class=\"e-con-inner\">\n\t\t\t\t<div class=\"elementor-element elementor-element-c4a46af elementor-align-center elementor-widget elementor-widget-button\" data-id=\"c4a46af\" data-element_type=\"widget\" data-widget_type=\"button.default\">\n\t\t\t\t<div class=\"elementor-widget-container\">\n\t\t\t\t\t<div class=\"elementor-button-wrapper\">\n\t\t\t<a class=\"elementor-button elementor-button-link elementor-size-sm\" href=\"#logotop\">\n\t\t\t\t\t\t<span class=\"elementor-button-content-wrapper\">\n\t\t\t\t\t\t<span class=\"elementor-button-text\">Back to top<\/span>\n\t\t<\/span>\n\t\t\t\t\t<\/a>\n\t\t<\/div>\n\t\t\t\t<\/div>\n\t\t\t\t<\/div>\n\t\t\t\t\t<\/div>\n\t\t\t\t<\/div>\n\t\t\t\t<\/div>","protected":false},"excerpt":{"rendered":"<p>Contact WORK Sutra Berdes Punto Pan Loyalty Bet593 Video And Audio Aruba Tattoo 3D Design Visso Wood Floor La Arepera [&hellip;]<\/p>","protected":false},"author":1,"featured_media":0,"parent":0,"menu_order":0,"comment_status":"closed","ping_status":"closed","template":"","meta":{"inline_featured_image":false,"site-sidebar-layout":"no-sidebar","site-content-layout":"","ast-site-content-layout":"full-width-container","site-content-style":"default","site-sidebar-style":"default","ast-global-header-display":"","ast-banner-title-visibility":"","ast-main-header-display":"","ast-hfb-above-header-display":"","ast-hfb-below-header-display":"","ast-hfb-mobile-header-display":"","site-post-title":"disabled","ast-breadcrumbs-content":"","ast-featured-img":"disabled","footer-sml-layout":"","theme-transparent-header-meta":"","adv-header-id-meta":"","stick-header-meta":"","header-above-stick-meta":"","header-main-stick-meta":"","header-below-stick-meta":"","astra-migrate-meta-layouts":"default","ast-page-background-enabled":"default","ast-page-background-meta":{"desktop":{"background-color":"var(--ast-global-color-4)","background-image":"","background-repeat":"repeat","background-position":"center center","background-size":"auto","background-attachment":"scroll","background-type":"","background-media":"","overlay-type":"","overlay-color":"","overlay-gradient":""},"tablet":{"background-color":"","background-image":"","background-repeat":"repeat","background-position":"center center","background-size":"auto","background-attachment":"scroll","background-type":"","background-media":"","overlay-type":"","overlay-color":"","overlay-gradient":""},"mobile":{"background-color":"","background-image":"","background-repeat":"repeat","background-position":"center center","background-size":"auto","background-attachment":"scroll","background-type":"","background-media":"","overlay-type":"","overlay-color":"","overlay-gradient":""}},"ast-content-background-meta":{"desktop":{"background-color":"var(--ast-global-color-5)","background-image":"","background-repeat":"repeat","background-position":"center center","background-size":"auto","background-attachment":"scroll","background-type":"","background-media":"","overlay-type":"","overlay-color":"","overlay-gradient":""},"tablet":{"background-color":"var(--ast-global-color-5)","background-image":"","background-repeat":"repeat","background-position":"center center","background-size":"auto","background-attachment":"scroll","background-type":"","background-media":"","overlay-type":"","overlay-color":"","overlay-gradient":""},"mobile":{"background-color":"var(--ast-global-color-5)","background-image":"","background-repeat":"repeat","background-position":"center center","background-size":"auto","background-attachment":"scroll","background-type":"","background-media":"","overlay-type":"","overlay-color":"","overlay-gradient":""}},"footnotes":""},"_links":{"self":[{"href":"https:\/\/marocreator.site\/es\/wp-json\/wp\/v2\/pages\/435"}],"collection":[{"href":"https:\/\/marocreator.site\/es\/wp-json\/wp\/v2\/pages"}],"about":[{"href":"https:\/\/marocreator.site\/es\/wp-json\/wp\/v2\/types\/page"}],"author":[{"embeddable":true,"href":"https:\/\/marocreator.site\/es\/wp-json\/wp\/v2\/users\/1"}],"replies":[{"embeddable":true,"href":"https:\/\/marocreator.site\/es\/wp-json\/wp\/v2\/comments?post=435"}],"version-history":[{"count":65,"href":"https:\/\/marocreator.site\/es\/wp-json\/wp\/v2\/pages\/435\/revisions"}],"predecessor-version":[{"id":1886,"href":"https:\/\/marocreator.site\/es\/wp-json\/wp\/v2\/pages\/435\/revisions\/1886"}],"wp:attachment":[{"href":"https:\/\/marocreator.site\/es\/wp-json\/wp\/v2\/media?parent=435"}],"curies":[{"name":"wp","href":"https:\/\/api.w.org\/{rel}","templated":true}]}}